{"id":1120,"date":"2017-07-04T03:48:08","date_gmt":"2017-07-04T03:48:08","guid":{"rendered":"http:\/\/cje2017.com\/?page_id=1120\/"},"modified":"2017-08-23T04:07:52","modified_gmt":"2017-08-23T04:07:52","slug":"evenements-passes","status":"publish","type":"page","link":"https:\/\/cje2017.com\/fr\/evenements-passes\/","title":{"rendered":"\u00c9v\u00e9nements pass\u00e9s"},"content":{"rendered":"<div class=\"fusion-fullwidth fullwidth-box nonhundred-percent-fullwidth non-hundred-percent-height-scrolling\"  style='background-color: #ffffff;background-position: center center;background-repeat: no-repeat;padding-top:0px;padding-right:0px;padding-bottom:0px;padding-left:0px;'><div class=\"fusion-builder-row fusion-row \"><div  class=\"fusion-layout-column fusion_builder_column fusion_builder_column_1_1  fusion-one-full fusion-column-first fusion-column-last 1_1\"  style='margin-top:0px;margin-bottom:0px;'>\n\t\t\t\t\t<div class=\"fusion-column-wrapper\" style=\"padding: 0px 0px 50px 0px;background-position:left top;background-repeat:no-repeat;-webkit-background-size:cover;-moz-background-size:cover;-o-background-size:cover;background-size:cover;\"  data-bg-url=\"\">\n\t\t\t\t\t\t<div class=\"fusion-column-content-centered\"><div class=\"fusion-column-content\"><div class=\"fusion-title title fusion-title-size-one\" style=\"margin-top:0px;margin-bottom:31px;\"><h1 class=\"title-heading-left\">\u00c9v\u00e9nements pass\u00e9s<\/h1><div class=\"title-sep-container\"><div class=\"title-sep sep-double sep-solid\" style=\"border-color:#e0dede;\"><\/div><\/div><\/div><div class=\"fusion-text\"><p style=\"text-align: center;\"><strong>CJE vous remercie d\u2019avoir assist\u00e9 \u00e0 nos \u00e9v\u00e9nements CJE pr\u00e9c\u00e9dents enregistr\u00e9s ci-dessous.<\/strong><\/p>\n<p style=\"text-align: center;\"><strong>Nous vous invitons cordialement \u00e0 participer \u00e0 nos prochains \u00e9v\u00e9nements<br \/>\n<\/strong><strong>sous \u00ab\u00a0\u00c9v\u00e9nements\u00a0\u00bb ci-dessus\u00a0et amenez un ami ou deux!<\/strong><\/p>\n<\/div><style type=\"text\/css\" scoped=\"scoped\">#accordion-1120-1 .fusion-panel:hover{ background-color: #f9f9f9 } #accordion-1120-1 .fusion-panel { border-color:#cccccc; border-width:1px; background-color:#ffffff; }.fusion-accordian  #accordion-1120-1 .panel-title a .fa-fusion-box{ color: #ffffff;}.fusion-accordian  #accordion-1120-1 .panel-title a .fa-fusion-box:before{ font-size: 13px; width: 13px;}<\/style><div class=\"accordian fusion-accordian\"><div class=\"panel-group\" id=\"accordion-1120-1\"><div class=\"fusion-panel panel-default fusion-toggle-no-divider fusion-toggle-boxed-mode\"><div class=\"panel-heading\"><h4 class=\"panel-title toggle\"><a data-toggle=\"collapse\" data-parent=\"#accordion-1120-1\" data-target=\"#1dd448cb4c93009ff\" href=\"#1dd448cb4c93009ff\"><div class=\"fusion-toggle-icon-wrapper\"><i class=\"fa-fusion-box\"><\/i><\/div><div class=\"fusion-toggle-heading\">En souvenir de Louis Rasminsky<\/div><\/a><\/h4><\/div><div id=\"1dd448cb4c93009ff\" class=\"panel-collapse collapse \"><div class=\"panel-body toggle-content fusion-clearfix\">\n<div style=\"text-align: center;\">\n<p>Soloway Jewish Community Centre (SJCC)<\/p>\n<p>Ottawa, ON<\/p>\n<p>July 23, 2017<\/p>\n<\/div>\n<p><img loading=\"lazy\" decoding=\"async\" class=\"aligncenter size-full wp-image-470\" src=\"http:\/\/cje2017.com\/wp-content\/uploads\/2017\/03\/CJE-Bank-of-Canada-opt.jpg\" alt=\"\" width=\"800\" height=\"1723\" srcset=\"https:\/\/cje2017.com\/wp-content\/uploads\/2017\/03\/CJE-Bank-of-Canada-opt-139x300.jpg 139w, https:\/\/cje2017.com\/wp-content\/uploads\/2017\/03\/CJE-Bank-of-Canada-opt-200x431.jpg 200w, https:\/\/cje2017.com\/wp-content\/uploads\/2017\/03\/CJE-Bank-of-Canada-opt-400x862.jpg 400w, https:\/\/cje2017.com\/wp-content\/uploads\/2017\/03\/CJE-Bank-of-Canada-opt-475x1024.jpg 475w, https:\/\/cje2017.com\/wp-content\/uploads\/2017\/03\/CJE-Bank-of-Canada-opt-600x1292.jpg 600w, https:\/\/cje2017.com\/wp-content\/uploads\/2017\/03\/CJE-Bank-of-Canada-opt-768x1654.jpg 768w, https:\/\/cje2017.com\/wp-content\/uploads\/2017\/03\/CJE-Bank-of-Canada-opt.jpg 800w\" sizes=\"auto, (max-width: 800px) 100vw, 800px\" \/> <img loading=\"lazy\" decoding=\"async\" class=\"aligncenter size-full wp-image-1022\" src=\"http:\/\/cje2017.com\/wp-content\/uploads\/2017\/03\/00-Louis-Rasminsky-19-June-2017.jpg\" alt=\"\" width=\"832\" height=\"1013\" srcset=\"https:\/\/cje2017.com\/wp-content\/uploads\/2017\/03\/00-Louis-Rasminsky-19-June-2017-200x244.jpg 200w, https:\/\/cje2017.com\/wp-content\/uploads\/2017\/03\/00-Louis-Rasminsky-19-June-2017-246x300.jpg 246w, https:\/\/cje2017.com\/wp-content\/uploads\/2017\/03\/00-Louis-Rasminsky-19-June-2017-400x487.jpg 400w, https:\/\/cje2017.com\/wp-content\/uploads\/2017\/03\/00-Louis-Rasminsky-19-June-2017-600x731.jpg 600w, https:\/\/cje2017.com\/wp-content\/uploads\/2017\/03\/00-Louis-Rasminsky-19-June-2017-768x935.jpg 768w, https:\/\/cje2017.com\/wp-content\/uploads\/2017\/03\/00-Louis-Rasminsky-19-June-2017-800x974.jpg 800w, https:\/\/cje2017.com\/wp-content\/uploads\/2017\/03\/00-Louis-Rasminsky-19-June-2017.jpg 832w\" sizes=\"auto, (max-width: 832px) 100vw, 832px\" \/><\/p>\n<p style=\"text-align: center;\">See Video Section<\/p>\n<\/div><\/div><\/div><div class=\"fusion-panel panel-default fusion-toggle-no-divider fusion-toggle-boxed-mode\"><div class=\"panel-heading\"><h4 class=\"panel-title toggle\"><a data-toggle=\"collapse\" data-parent=\"#accordion-1120-1\" data-target=\"#93d7044fe52f791a0\" href=\"#93d7044fe52f791a0\"><div class=\"fusion-toggle-icon-wrapper\"><i class=\"fa-fusion-box\"><\/i><\/div><div class=\"fusion-toggle-heading\">C\u00e9r\u00e9monie religieuse sp\u00e9ciale pour souligner la f\u00eate du Canada \u00e0 la plus grande synagogue \u00e0 Ottawa <\/div><\/a><\/h4><\/div><div id=\"93d7044fe52f791a0\" class=\"panel-collapse collapse \"><div class=\"panel-body toggle-content fusion-clearfix\">\n<div style=\"text-align: center;\">\n<p>Kehillat Beth Israel<\/p>\n<p>Ottawa, ON<\/p>\n<h4 data-fontsize=\"20\" data-lineheight=\"30\">le 1\u00a0juillet 2017, Ottawa (Ontario)<\/h4>\n<h2>Prime Minister&rsquo;s Message\u00a0<img loading=\"lazy\" decoding=\"async\" class=\"aligncenter size-full wp-image-1068\" src=\"http:\/\/cje2017.com\/wp-content\/uploads\/2017\/05\/30c-P-M-Trudeau-Eng-29-June-2017.jpg\" alt=\"\" width=\"2144\" height=\"2775\" srcset=\"https:\/\/cje2017.com\/wp-content\/uploads\/2017\/05\/30c-P-M-Trudeau-Eng-29-June-2017-200x259.jpg 200w, https:\/\/cje2017.com\/wp-content\/uploads\/2017\/05\/30c-P-M-Trudeau-Eng-29-June-2017-232x300.jpg 232w, https:\/\/cje2017.com\/wp-content\/uploads\/2017\/05\/30c-P-M-Trudeau-Eng-29-June-2017-400x518.jpg 400w, https:\/\/cje2017.com\/wp-content\/uploads\/2017\/05\/30c-P-M-Trudeau-Eng-29-June-2017-600x777.jpg 600w, https:\/\/cje2017.com\/wp-content\/uploads\/2017\/05\/30c-P-M-Trudeau-Eng-29-June-2017-768x994.jpg 768w, https:\/\/cje2017.com\/wp-content\/uploads\/2017\/05\/30c-P-M-Trudeau-Eng-29-June-2017-791x1024.jpg 791w, https:\/\/cje2017.com\/wp-content\/uploads\/2017\/05\/30c-P-M-Trudeau-Eng-29-June-2017-800x1035.jpg 800w, https:\/\/cje2017.com\/wp-content\/uploads\/2017\/05\/30c-P-M-Trudeau-Eng-29-June-2017-1200x1553.jpg 1200w, https:\/\/cje2017.com\/wp-content\/uploads\/2017\/05\/30c-P-M-Trudeau-Eng-29-June-2017.jpg 2144w\" sizes=\"auto, (max-width: 2144px) 100vw, 2144px\" \/> <img loading=\"lazy\" decoding=\"async\" class=\"aligncenter size-full wp-image-1049\" src=\"http:\/\/cje2017.com\/wp-content\/uploads\/2017\/03\/00d-KBI-Service-July-1-2017-1.jpg\" alt=\"\" width=\"1100\" height=\"1642\" srcset=\"https:\/\/cje2017.com\/wp-content\/uploads\/2017\/03\/00d-KBI-Service-July-1-2017-1-200x299.jpg 200w, https:\/\/cje2017.com\/wp-content\/uploads\/2017\/03\/00d-KBI-Service-July-1-2017-1-201x300.jpg 201w, https:\/\/cje2017.com\/wp-content\/uploads\/2017\/03\/00d-KBI-Service-July-1-2017-1-400x597.jpg 400w, https:\/\/cje2017.com\/wp-content\/uploads\/2017\/03\/00d-KBI-Service-July-1-2017-1-600x896.jpg 600w, https:\/\/cje2017.com\/wp-content\/uploads\/2017\/03\/00d-KBI-Service-July-1-2017-1-686x1024.jpg 686w, https:\/\/cje2017.com\/wp-content\/uploads\/2017\/03\/00d-KBI-Service-July-1-2017-1-768x1146.jpg 768w, https:\/\/cje2017.com\/wp-content\/uploads\/2017\/03\/00d-KBI-Service-July-1-2017-1-800x1194.jpg 800w, https:\/\/cje2017.com\/wp-content\/uploads\/2017\/03\/00d-KBI-Service-July-1-2017-1.jpg 1100w\" sizes=\"auto, (max-width: 1100px) 100vw, 1100px\" \/><\/h2>\n<\/div>\n<\/div><\/div><\/div><div class=\"fusion-panel panel-default fusion-toggle-no-divider fusion-toggle-boxed-mode\"><div class=\"panel-heading\"><h4 class=\"panel-title toggle\"><a data-toggle=\"collapse\" data-parent=\"#accordion-1120-1\" data-target=\"#b48c501fa4ed1e64f\" href=\"#b48c501fa4ed1e64f\"><div class=\"fusion-toggle-icon-wrapper\"><i class=\"fa-fusion-box\"><\/i><\/div><div class=\"fusion-toggle-heading\">Au Centre Culturel Juif de Calgary<\/div><\/a><\/h4><\/div><div id=\"b48c501fa4ed1e64f\" class=\"panel-collapse collapse \"><div class=\"panel-body toggle-content fusion-clearfix\">\n<p style=\"text-align: center;\">Calgary JCC<\/p>\n<p style=\"text-align: center;\">Calgary, AB<\/p>\n<p style=\"text-align: center;\">June 25, 2017<\/p>\n<p style=\"text-align: center;\"><img loading=\"lazy\" decoding=\"async\" class=\"aligncenter size-full wp-image-1140\" src=\"http:\/\/cje2017.com\/wp-content\/uploads\/2017\/07\/25-CJE-Seminar-Calgary-June-25-2017.jpg\" alt=\"\" width=\"1600\" height=\"2350\" srcset=\"https:\/\/cje2017.com\/wp-content\/uploads\/2017\/07\/25-CJE-Seminar-Calgary-June-25-2017-200x294.jpg 200w, https:\/\/cje2017.com\/wp-content\/uploads\/2017\/07\/25-CJE-Seminar-Calgary-June-25-2017-204x300.jpg 204w, https:\/\/cje2017.com\/wp-content\/uploads\/2017\/07\/25-CJE-Seminar-Calgary-June-25-2017-400x588.jpg 400w, https:\/\/cje2017.com\/wp-content\/uploads\/2017\/07\/25-CJE-Seminar-Calgary-June-25-2017-600x881.jpg 600w, https:\/\/cje2017.com\/wp-content\/uploads\/2017\/07\/25-CJE-Seminar-Calgary-June-25-2017-697x1024.jpg 697w, https:\/\/cje2017.com\/wp-content\/uploads\/2017\/07\/25-CJE-Seminar-Calgary-June-25-2017-768x1128.jpg 768w, https:\/\/cje2017.com\/wp-content\/uploads\/2017\/07\/25-CJE-Seminar-Calgary-June-25-2017-800x1175.jpg 800w, https:\/\/cje2017.com\/wp-content\/uploads\/2017\/07\/25-CJE-Seminar-Calgary-June-25-2017-1200x1763.jpg 1200w, https:\/\/cje2017.com\/wp-content\/uploads\/2017\/07\/25-CJE-Seminar-Calgary-June-25-2017.jpg 1600w\" sizes=\"auto, (max-width: 1600px) 100vw, 1600px\" \/><\/p>\n<\/div><\/div><\/div><div class=\"fusion-panel panel-default fusion-toggle-no-divider fusion-toggle-boxed-mode\"><div class=\"panel-heading\"><h4 class=\"panel-title toggle\"><a data-toggle=\"collapse\" data-parent=\"#accordion-1120-1\" data-target=\"#47acf60d89cc752da\" href=\"#47acf60d89cc752da\"><div class=\"fusion-toggle-icon-wrapper\"><i class=\"fa-fusion-box\"><\/i><\/div><div class=\"fusion-toggle-heading\">Trois soldats: 150 ans en uniforme \u00e0 Montr\u00e9al <\/div><\/a><\/h4><\/div><div id=\"47acf60d89cc752da\" class=\"panel-collapse collapse \"><div class=\"panel-body toggle-content fusion-clearfix\">\n<p style=\"text-align: center;\">le 29 mai 2017, Montr\u00e9al (Quebec)<\/p>\n<p><img loading=\"lazy\" decoding=\"async\" class=\"aligncenter size-full wp-image-838\" src=\"http:\/\/cje2017.com\/wp-content\/uploads\/2017\/05\/The-Canadian-Jewish-Experience-May-29-FR.jpg\" alt=\"\" width=\"805\" height=\"1053\" srcset=\"https:\/\/cje2017.com\/wp-content\/uploads\/2017\/05\/The-Canadian-Jewish-Experience-May-29-FR-200x262.jpg 200w, https:\/\/cje2017.com\/wp-content\/uploads\/2017\/05\/The-Canadian-Jewish-Experience-May-29-FR-229x300.jpg 229w, https:\/\/cje2017.com\/wp-content\/uploads\/2017\/05\/The-Canadian-Jewish-Experience-May-29-FR-400x523.jpg 400w, https:\/\/cje2017.com\/wp-content\/uploads\/2017\/05\/The-Canadian-Jewish-Experience-May-29-FR-600x785.jpg 600w, https:\/\/cje2017.com\/wp-content\/uploads\/2017\/05\/The-Canadian-Jewish-Experience-May-29-FR-768x1005.jpg 768w, https:\/\/cje2017.com\/wp-content\/uploads\/2017\/05\/The-Canadian-Jewish-Experience-May-29-FR-783x1024.jpg 783w, https:\/\/cje2017.com\/wp-content\/uploads\/2017\/05\/The-Canadian-Jewish-Experience-May-29-FR-800x1046.jpg 800w, https:\/\/cje2017.com\/wp-content\/uploads\/2017\/05\/The-Canadian-Jewish-Experience-May-29-FR.jpg 805w\" sizes=\"auto, (max-width: 805px) 100vw, 805px\" \/><\/p>\n<\/div><\/div><\/div><div class=\"fusion-panel panel-default fusion-toggle-no-divider fusion-toggle-boxed-mode\"><div class=\"panel-heading\"><h4 class=\"panel-title toggle\"><a data-toggle=\"collapse\" data-parent=\"#accordion-1120-1\" data-target=\"#cd0155b270cb48dbe\" href=\"#cd0155b270cb48dbe\"><div class=\"fusion-toggle-icon-wrapper\"><i class=\"fa-fusion-box\"><\/i><\/div><div class=\"fusion-toggle-heading\">Inauguration officielle de l\u2019EJC<\/div><\/a><\/h4><\/div><div id=\"cd0155b270cb48dbe\" class=\"panel-collapse collapse \"><div class=\"panel-body toggle-content fusion-clearfix\">\n<div>\n<p style=\"text-align: center;\">30 Metcalfe Street, Ottawa, ON<\/p>\n<p style=\"text-align: center;\">April 2, 2017<\/p>\n<\/div>\n<p>The culmination of a great deal of hard work by a small and dedicated Committee led by Ms. Tova Lynch, the impressive Exhibit comprising nine inspiring panels, entitled the \u201c<em>Canadian Jewish Experience: A Tribute to Canada 150<\/em>\u201d, was unveiled April 2, 2017 in the lobby of a National Capital Commission (NCC) building at 30 Metcalfe Street, Ottawa, not very far from Parliament Hill. The Exhibit can also be seen and appreciated at the Canadian War Museum,\u00a01 Vimy Pl, Ottawa,\u00a0at Ottawa City Hall, 110 Laurier Avenue West, Ottawa and soon in 17 cities across Canada. Amazing!<\/p>\n<\/div><\/div><\/div><\/div><\/div><\/div><\/div><div class=\"fusion-clearfix\"><\/div>\n\n\t\t\t\t\t<\/div>\n\t\t\t\t<\/div><\/div><\/div>\n","protected":false},"excerpt":{"rendered":"","protected":false},"author":3,"featured_media":0,"parent":0,"menu_order":0,"comment_status":"closed","ping_status":"closed","template":"","meta":{"footnotes":""},"class_list":["post-1120","page","type-page","status-publish","hentry"],"_links":{"self":[{"href":"https:\/\/cje2017.com\/fr\/wp-json\/wp\/v2\/pages\/1120","targetHints":{"allow":["GET"]}}],"collection":[{"href":"https:\/\/cje2017.com\/fr\/wp-json\/wp\/v2\/pages"}],"about":[{"href":"https:\/\/cje2017.com\/fr\/wp-json\/wp\/v2\/types\/page"}],"author":[{"embeddable":true,"href":"https:\/\/cje2017.com\/fr\/wp-json\/wp\/v2\/users\/3"}],"replies":[{"embeddable":true,"href":"https:\/\/cje2017.com\/fr\/wp-json\/wp\/v2\/comments?post=1120"}],"version-history":[{"count":11,"href":"https:\/\/cje2017.com\/fr\/wp-json\/wp\/v2\/pages\/1120\/revisions"}],"predecessor-version":[{"id":2077,"href":"https:\/\/cje2017.com\/fr\/wp-json\/wp\/v2\/pages\/1120\/revisions\/2077"}],"wp:attachment":[{"href":"https:\/\/cje2017.com\/fr\/wp-json\/wp\/v2\/media?parent=1120"}],"curies":[{"name":"wp","href":"https:\/\/api.w.org\/{rel}","templated":true}]}}