{"id":1611,"date":"2017-07-13T21:26:16","date_gmt":"2017-07-13T21:26:16","guid":{"rendered":"http:\/\/cje2017.com\/?page_id=1611\/"},"modified":"2017-09-25T17:27:10","modified_gmt":"2017-09-25T17:27:10","slug":"terre-neuve-et-labrador","status":"publish","type":"page","link":"https:\/\/cje2017.com\/fr\/terre-neuve-et-labrador\/","title":{"rendered":"Terre-Neuve-et-Labrador"},"content":{"rendered":"<div class=\"fusion-fullwidth fullwidth-box nonhundred-percent-fullwidth non-hundred-percent-height-scrolling\"  style='background-color: #ffffff;background-position: center center;background-repeat: no-repeat;padding-top:0px;padding-right:0px;padding-bottom:0px;padding-left:0px;'><div class=\"fusion-builder-row fusion-row \"><div  class=\"fusion-layout-column fusion_builder_column fusion_builder_column_1_1  fusion-one-full fusion-column-first fusion-column-last 1_1\"  style='margin-top:0px;margin-bottom:0px;'>\n\t\t\t\t\t<div class=\"fusion-column-wrapper\" style=\"background-position:left top;background-repeat:no-repeat;-webkit-background-size:cover;-moz-background-size:cover;-o-background-size:cover;background-size:cover;\"  data-bg-url=\"\">\n\t\t\t\t\t\t<div class=\"fusion-text\"><h3><strong>Terre-Neuve-et-Labrador, NL<\/strong><\/h3>\n<h4><\/h4>\n<\/div><div class=\"fusion-text\"><p>Terre-Neuve-et-Labrador est la province la plus au l\u2019est du Canada. Sa capitale, St. John&rsquo;s, situ\u00e9e sur l&rsquo;\u00eele de Terre-Neuve, est connue pour la citadelle de Signal Hill du XVIIe si\u00e8cle, avec un sentier p\u00e9destre. L&rsquo;Anse aux Meadows, un site arch\u00e9ologique nordique, est la colonie r\u00e9put\u00e9e de l&rsquo;explorateur viking Leif Erikson. Le parc national du Gros-Morne sur le golfe du Saint-Laurent pr\u00e9sente des falaises pittoresques, des cascades et des fjords glaciaires.<\/p>\n<p>CJE est fi\u00e8re de venir \u00e0 la belle Terre-Neuve, o\u00f9 nous rendons hommage au Canada 150 avec une exposition de neuf panneaux pr\u00e9sentant pr\u00e8s de 250 ans de contributions de la communaut\u00e9 juive canadienne \u00e0 la soci\u00e9t\u00e9 canadienne &#8211; des droits de l&rsquo;homme et de l&rsquo;architecture aux sports et aux arts.<\/p>\n<h4><\/h4>\n<\/div>\t\t\t\t\t<script type=\"text\/javascript\">\n\t\t\t\t\t\tvar map_fusion_map_69e85ee455639;\n\t\t\t\t\t\tvar markers = [];\n\t\t\t\t\t\tvar counter = 0;\n\t\t\t\t\t\t\t\t\t\t\t\t\t\t\t\t\t\t\t\tvar fusionMapNonce = 'd12b6183c0';\n\t\t\t\t\t\t\t\t\t\t\t\tfunction fusion_run_map_fusion_map_69e85ee455639() {\n\t\t\t\t\t\t\tjQuery('#fusion_map_69e85ee455639').fusion_maps({\n\t\t\t\t\t\t\t\taddresses: [{\"address\":\"Newfoundland and Labrador<br \\\/>\\n.<\\\/p>\\n<p>\",\"infobox_content\":\"Newfoundland and Labrador<br \\\/>\\n.<\\\/p>\\n<p>\",\"coordinates\":false,\"cache\":true,\"latitude\":\"47.601075\",\"longitude\":\"-52.701751\"}],\n\t\t\t\t\t\t\t\tanimations: false,\n\t\t\t\t\t\t\t\tinfobox_background_color: '',\n\t\t\t\t\t\t\t\tinfobox_styling: 'default',\n\t\t\t\t\t\t\t\tinfobox_text_color: '',\n\t\t\t\t\t\t\t\tmap_style: 'default',\n\t\t\t\t\t\t\t\tmap_type: 'roadmap',\n\t\t\t\t\t\t\t\tmarker_icon: '',\n\t\t\t\t\t\t\t\toverlay_color: '',\n\t\t\t\t\t\t\t\toverlay_color_hsl: {\"hue\":0,\"sat\":0,\"lum\":100},\n\t\t\t\t\t\t\t\tpan_control: false,\n\t\t\t\t\t\t\t\tshow_address: true,\n\t\t\t\t\t\t\t\tscale_control: false,\n\t\t\t\t\t\t\t\tscrollwheel: true,\n\t\t\t\t\t\t\t\tzoom: 6,\n\t\t\t\t\t\t\t\tzoom_control: false,\n\t\t\t\t\t\t\t});\n\t\t\t\t\t\t}\n\n\t\t\t\t\t\tgoogle.maps.event.addDomListener(window, 'load', fusion_run_map_fusion_map_69e85ee455639);\n\t\t\t\t\t<\/script>\n\t\t\t\t\t<div class=\"shortcode-map fusion-google-map\" id=\"fusion_map_69e85ee455639\" style=\"height:300px;width:100%;\"><\/div><div class=\"fusion-section-separator section-separator fusion-section-separator-with-offset\" style=\"border-top:0px solid #f6f6f6;margin-left:calc( (100vw - 280px - 100% ) \/ -2  );margin-right:calc( (100vw - 280px - 100% ) \/ -2   );\"><div class=\"divider-candy-arrow top\" style=\"bottom:0px;border-bottom-color: #f6f6f6;\"><\/div><div class=\"divider-candy top\" style=\"top:-20px;border-bottom:1px solid #f6f6f6;border-left:1px solid #f6f6f6;\"><\/div><\/div><div class=\"fusion-clearfix\"><\/div>\n\n\t\t\t\t\t<\/div>\n\t\t\t\t<\/div><\/div><\/div>\n","protected":false},"excerpt":{"rendered":"","protected":false},"author":3,"featured_media":0,"parent":0,"menu_order":0,"comment_status":"closed","ping_status":"closed","template":"","meta":{"footnotes":""},"class_list":["post-1611","page","type-page","status-publish","hentry"],"_links":{"self":[{"href":"https:\/\/cje2017.com\/fr\/wp-json\/wp\/v2\/pages\/1611","targetHints":{"allow":["GET"]}}],"collection":[{"href":"https:\/\/cje2017.com\/fr\/wp-json\/wp\/v2\/pages"}],"about":[{"href":"https:\/\/cje2017.com\/fr\/wp-json\/wp\/v2\/types\/page"}],"author":[{"embeddable":true,"href":"https:\/\/cje2017.com\/fr\/wp-json\/wp\/v2\/users\/3"}],"replies":[{"embeddable":true,"href":"https:\/\/cje2017.com\/fr\/wp-json\/wp\/v2\/comments?post=1611"}],"version-history":[{"count":16,"href":"https:\/\/cje2017.com\/fr\/wp-json\/wp\/v2\/pages\/1611\/revisions"}],"predecessor-version":[{"id":2196,"href":"https:\/\/cje2017.com\/fr\/wp-json\/wp\/v2\/pages\/1611\/revisions\/2196"}],"wp:attachment":[{"href":"https:\/\/cje2017.com\/fr\/wp-json\/wp\/v2\/media?parent=1611"}],"curies":[{"name":"wp","href":"https:\/\/api.w.org\/{rel}","templated":true}]}}