{"id":1644,"date":"2017-07-13T22:15:04","date_gmt":"2017-07-13T22:15:04","guid":{"rendered":"http:\/\/cje2017.com\/?page_id=1644\/"},"modified":"2017-11-20T23:52:29","modified_gmt":"2017-11-21T04:52:29","slug":"montreal-qc","status":"publish","type":"page","link":"https:\/\/cje2017.com\/fr\/lejc-partout-au-canada\/montreal-qc\/","title":{"rendered":"Montr\u00e9al (Quebec)"},"content":{"rendered":"<div class=\"fusion-fullwidth fullwidth-box nonhundred-percent-fullwidth non-hundred-percent-height-scrolling\"  style='background-color: #ffffff;background-position: center center;background-repeat: no-repeat;padding-top:0px;padding-right:0px;padding-bottom:0px;padding-left:0px;'><div class=\"fusion-builder-row fusion-row \"><div  class=\"fusion-layout-column fusion_builder_column fusion_builder_column_1_1  fusion-one-full fusion-column-first fusion-column-last 1_1\"  style='margin-top:0px;margin-bottom:0px;'>\n\t\t\t\t\t<div class=\"fusion-column-wrapper\" style=\"background-position:left top;background-repeat:no-repeat;-webkit-background-size:cover;-moz-background-size:cover;-o-background-size:cover;background-size:cover;\"  data-bg-url=\"\">\n\t\t\t\t\t\t<div class=\"fusion-text\"><h3 style=\"text-align: left;\" data-fontsize=\"20\" data-lineheight=\"30\"><strong>Montr\u00e9al (Quebec)<\/strong><\/h3>\n<\/div><div class=\"fusion-text\"><h4>Montr\u00e9al, fond\u00e9e sur une \u00eele du fleuve Saint-Laurent et nomm\u00e9e d&rsquo;apr\u00e8s la colline \u00e0 triple sommet Mt. Royal, est la plus grande ville de la province de Qu\u00e9bec. Comprennent des quartiers allant des rues pav\u00e9s de pierre du Vieux Montreal colonial au quartier boh\u00e9mien du Plateau. La c\u00e9l\u00e8bre basilique gothique de Notre-Dame de Montr\u00e9al se trouve au centre de la ville.<\/h4>\n<h4>CJE est fi\u00e8re de venir \u00e0 un Montr\u00e9al unique o\u00f9 nous rendons hommage au Canada 150 avec une exposition de neuf panneaux pr\u00e9sentant pr\u00e8s de 250 ans de contributions de la communaut\u00e9 juive canadienne \u00e0 la soci\u00e9t\u00e9 canadienne &#8211; des droits de l&rsquo;homme et de l&rsquo;architecture aux sports et aux arts.<\/h4>\n<\/div>\t\t\t\t\t<script type=\"text\/javascript\">\n\t\t\t\t\t\tvar map_fusion_map_69e86109a3f3b;\n\t\t\t\t\t\tvar markers = [];\n\t\t\t\t\t\tvar counter = 0;\n\t\t\t\t\t\t\t\t\t\t\t\t\t\t\t\t\t\t\t\tvar fusionMapNonce = 'd12b6183c0';\n\t\t\t\t\t\t\t\t\t\t\t\tfunction fusion_run_map_fusion_map_69e86109a3f3b() {\n\t\t\t\t\t\t\tjQuery('#fusion_map_69e86109a3f3b').fusion_maps({\n\t\t\t\t\t\t\t\taddresses: [{\"address\":\"Montreal\",\"infobox_content\":\"Montreal\",\"coordinates\":false,\"cache\":true,\"latitude\":\"45.5016889\",\"longitude\":\"-73.56725599999999\"}],\n\t\t\t\t\t\t\t\tanimations: false,\n\t\t\t\t\t\t\t\tinfobox_background_color: '',\n\t\t\t\t\t\t\t\tinfobox_styling: 'default',\n\t\t\t\t\t\t\t\tinfobox_text_color: '',\n\t\t\t\t\t\t\t\tmap_style: 'default',\n\t\t\t\t\t\t\t\tmap_type: 'roadmap',\n\t\t\t\t\t\t\t\tmarker_icon: '',\n\t\t\t\t\t\t\t\toverlay_color: '',\n\t\t\t\t\t\t\t\toverlay_color_hsl: {\"hue\":0,\"sat\":0,\"lum\":100},\n\t\t\t\t\t\t\t\tpan_control: true,\n\t\t\t\t\t\t\t\tshow_address: true,\n\t\t\t\t\t\t\t\tscale_control: true,\n\t\t\t\t\t\t\t\tscrollwheel: true,\n\t\t\t\t\t\t\t\tzoom: 6,\n\t\t\t\t\t\t\t\tzoom_control: true,\n\t\t\t\t\t\t\t});\n\t\t\t\t\t\t}\n\n\t\t\t\t\t\tgoogle.maps.event.addDomListener(window, 'load', fusion_run_map_fusion_map_69e86109a3f3b);\n\t\t\t\t\t<\/script>\n\t\t\t\t\t<div class=\"shortcode-map fusion-google-map\" id=\"fusion_map_69e86109a3f3b\" style=\"height:300px;width:100%;\"><\/div><div class=\"fusion-sep-clear\"><\/div><div class=\"fusion-separator fusion-full-width-sep sep-none\" style=\"margin-left: auto;margin-right: auto;margin-top:;\"><\/div>\n<table style=\"text-align: center; border: 1px solid black;\" width=\"100%\">\n<thead style=\"background-color: grey;\">\n<tr>\n<th style=\"padding: 10px; border: 1px solid black; text-align: center;\" align=\"center\">Date<\/th>\n<th style=\"padding: 10px; border: 1px solid black; text-align: center;\" align=\"left\"><strong>Venue<\/strong><\/th>\n<\/tr>\n<\/thead>\n<tbody>\n<tr>\n<td style=\"padding: 10px; border: 1px solid black;\" align=\"left\">Du 4 au 22 d\u00e9cembre, 2017<\/td>\n<td style=\"padding: 10px; border: 1px solid black;\" align=\"left\">\n<h4>Universit\u00e9 de Montr\u00e9al, Carrefour des arts et des sciences, Pavillon Lionel-Groulx , 3150, rue Jean-Brillant , Montr\u00e9al (Qu\u00e9bec) H3T 1N8<\/h4>\n<\/td>\n<\/tr>\n<tr>\n<td style=\"padding: 10px; border: 1px solid black;\" align=\"left\">du 8 au 31 janvier, 2018<\/td>\n<td style=\"padding: 10px; border: 1px solid black;\" align=\"left\">\n<h4>Universit\u00e9 de Montr\u00e9al, Atrium de la Biblioth\u00e8que des lettres et des sciences humaines, Montreal, QC<\/h4>\n<\/td>\n<\/tr>\n<\/tbody>\n<\/table>\n<div class=\"fusion-clearfix\"><\/div>\n\n\t\t\t\t\t<\/div>\n\t\t\t\t<\/div><\/div><\/div>\n","protected":false},"excerpt":{"rendered":"","protected":false},"author":3,"featured_media":0,"parent":604,"menu_order":0,"comment_status":"closed","ping_status":"closed","template":"","meta":{"footnotes":""},"class_list":["post-1644","page","type-page","status-publish","hentry"],"_links":{"self":[{"href":"https:\/\/cje2017.com\/fr\/wp-json\/wp\/v2\/pages\/1644","targetHints":{"allow":["GET"]}}],"collection":[{"href":"https:\/\/cje2017.com\/fr\/wp-json\/wp\/v2\/pages"}],"about":[{"href":"https:\/\/cje2017.com\/fr\/wp-json\/wp\/v2\/types\/page"}],"author":[{"embeddable":true,"href":"https:\/\/cje2017.com\/fr\/wp-json\/wp\/v2\/users\/3"}],"replies":[{"embeddable":true,"href":"https:\/\/cje2017.com\/fr\/wp-json\/wp\/v2\/comments?post=1644"}],"version-history":[{"count":6,"href":"https:\/\/cje2017.com\/fr\/wp-json\/wp\/v2\/pages\/1644\/revisions"}],"predecessor-version":[{"id":2597,"href":"https:\/\/cje2017.com\/fr\/wp-json\/wp\/v2\/pages\/1644\/revisions\/2597"}],"up":[{"embeddable":true,"href":"https:\/\/cje2017.com\/fr\/wp-json\/wp\/v2\/pages\/604"}],"wp:attachment":[{"href":"https:\/\/cje2017.com\/fr\/wp-json\/wp\/v2\/media?parent=1644"}],"curies":[{"name":"wp","href":"https:\/\/api.w.org\/{rel}","templated":true}]}}