{"id":1660,"date":"2017-07-13T23:37:26","date_gmt":"2017-07-13T23:37:26","guid":{"rendered":"http:\/\/cje2017.com\/?page_id=1660\/"},"modified":"2017-09-25T17:41:21","modified_gmt":"2017-09-25T17:41:21","slug":"winnipeg-mb","status":"publish","type":"page","link":"https:\/\/cje2017.com\/fr\/lejc-partout-au-canada\/winnipeg-mb\/","title":{"rendered":"Winnipeg, MB"},"content":{"rendered":"<div class=\"fusion-fullwidth fullwidth-box nonhundred-percent-fullwidth non-hundred-percent-height-scrolling\"  style='background-color: #ffffff;background-position: center center;background-repeat: no-repeat;padding-top:0px;padding-right:0px;padding-bottom:0px;padding-left:0px;'><div class=\"fusion-builder-row fusion-row \"><div  class=\"fusion-layout-column fusion_builder_column fusion_builder_column_1_1  fusion-one-full fusion-column-first fusion-column-last 1_1\"  style='margin-top:0px;margin-bottom:0px;'>\n\t\t\t\t\t<div class=\"fusion-column-wrapper\" style=\"background-position:left top;background-repeat:no-repeat;-webkit-background-size:cover;-moz-background-size:cover;-o-background-size:cover;background-size:cover;\"  data-bg-url=\"\">\n\t\t\t\t\t\t<div class=\"fusion-text\"><h3>Winnipeg, MB<\/h3>\n<\/div><div class=\"fusion-text\"><h4>Winnipeg est la capitale de la province du Manitoba. Son showpiece est The Forks, un site historique sur les rivi\u00e8res Rouge et Assiniboine, avec des entrep\u00f4ts transform\u00e9s en magasins et restaurants, ainsi que d&rsquo;espaces verts spacieux d\u00e9di\u00e9s aux festivals, concerts et expositions. Le District de la Bourse est connu pour son architecture bien conserv\u00e9e, d\u00e9but du XXe si\u00e8cle et de nombreuses galeries d&rsquo;art.<\/h4>\n<h4>CJE est fi\u00e8re de venir \u00e0 Winnipeg irr\u00e9sistible o\u00f9 nous rendons hommage au Canada 150 avec une exposition de neuf panneaux pr\u00e9sentant pr\u00e8s de 250 ans de contributions de la communaut\u00e9 juive canadienne \u00e0 la soci\u00e9t\u00e9 canadienne &#8211; des droits de l&rsquo;homme et de l&rsquo;architecture aux sports et aux arts.<\/h4>\n<\/div>\t\t\t\t\t<script type=\"text\/javascript\">\n\t\t\t\t\t\tvar map_fusion_map_69e8582a55225;\n\t\t\t\t\t\tvar markers = [];\n\t\t\t\t\t\tvar counter = 0;\n\t\t\t\t\t\t\t\t\t\t\t\t\t\t\t\t\t\t\t\tvar fusionMapNonce = 'd12b6183c0';\n\t\t\t\t\t\t\t\t\t\t\t\tfunction fusion_run_map_fusion_map_69e8582a55225() {\n\t\t\t\t\t\t\tjQuery('#fusion_map_69e8582a55225').fusion_maps({\n\t\t\t\t\t\t\t\taddresses: [{\"address\":\"Winnipeg, MB\",\"infobox_content\":\"Winnipeg, MB\",\"coordinates\":false,\"cache\":true,\"latitude\":\"49.895136\",\"longitude\":\"-97.13837439999998\"}],\n\t\t\t\t\t\t\t\tanimations: false,\n\t\t\t\t\t\t\t\tinfobox_background_color: '',\n\t\t\t\t\t\t\t\tinfobox_styling: 'default',\n\t\t\t\t\t\t\t\tinfobox_text_color: '',\n\t\t\t\t\t\t\t\tmap_style: 'default',\n\t\t\t\t\t\t\t\tmap_type: 'roadmap',\n\t\t\t\t\t\t\t\tmarker_icon: '',\n\t\t\t\t\t\t\t\toverlay_color: '',\n\t\t\t\t\t\t\t\toverlay_color_hsl: {\"hue\":0,\"sat\":0,\"lum\":100},\n\t\t\t\t\t\t\t\tpan_control: true,\n\t\t\t\t\t\t\t\tshow_address: true,\n\t\t\t\t\t\t\t\tscale_control: true,\n\t\t\t\t\t\t\t\tscrollwheel: true,\n\t\t\t\t\t\t\t\tzoom: 6,\n\t\t\t\t\t\t\t\tzoom_control: true,\n\t\t\t\t\t\t\t});\n\t\t\t\t\t\t}\n\n\t\t\t\t\t\tgoogle.maps.event.addDomListener(window, 'load', fusion_run_map_fusion_map_69e8582a55225);\n\t\t\t\t\t<\/script>\n\t\t\t\t\t<div class=\"shortcode-map fusion-google-map\" id=\"fusion_map_69e8582a55225\" style=\"height:300px;width:100%;\"><\/div><div class=\"fusion-sep-clear\"><\/div><div class=\"fusion-separator fusion-full-width-sep sep-none\" style=\"margin-left: auto;margin-right: auto;margin-top:;\"><\/div><div class=\"fusion-clearfix\"><\/div>\n\n\t\t\t\t\t<\/div>\n\t\t\t\t<\/div><\/div><\/div>\n","protected":false},"excerpt":{"rendered":"","protected":false},"author":3,"featured_media":0,"parent":604,"menu_order":0,"comment_status":"closed","ping_status":"closed","template":"","meta":{"footnotes":""},"class_list":["post-1660","page","type-page","status-publish","hentry"],"_links":{"self":[{"href":"https:\/\/cje2017.com\/fr\/wp-json\/wp\/v2\/pages\/1660","targetHints":{"allow":["GET"]}}],"collection":[{"href":"https:\/\/cje2017.com\/fr\/wp-json\/wp\/v2\/pages"}],"about":[{"href":"https:\/\/cje2017.com\/fr\/wp-json\/wp\/v2\/types\/page"}],"author":[{"embeddable":true,"href":"https:\/\/cje2017.com\/fr\/wp-json\/wp\/v2\/users\/3"}],"replies":[{"embeddable":true,"href":"https:\/\/cje2017.com\/fr\/wp-json\/wp\/v2\/comments?post=1660"}],"version-history":[{"count":3,"href":"https:\/\/cje2017.com\/fr\/wp-json\/wp\/v2\/pages\/1660\/revisions"}],"predecessor-version":[{"id":2203,"href":"https:\/\/cje2017.com\/fr\/wp-json\/wp\/v2\/pages\/1660\/revisions\/2203"}],"up":[{"embeddable":true,"href":"https:\/\/cje2017.com\/fr\/wp-json\/wp\/v2\/pages\/604"}],"wp:attachment":[{"href":"https:\/\/cje2017.com\/fr\/wp-json\/wp\/v2\/media?parent=1660"}],"curies":[{"name":"wp","href":"https:\/\/api.w.org\/{rel}","templated":true}]}}