{"id":2331,"date":"2017-10-16T01:15:17","date_gmt":"2017-10-16T05:15:17","guid":{"rendered":"http:\/\/cje2017.com\/?page_id=2331\/"},"modified":"2017-11-11T22:16:29","modified_gmt":"2017-11-12T03:16:29","slug":"themes","status":"publish","type":"page","link":"https:\/\/cje2017.com\/fr\/themes\/","title":{"rendered":"Th\u00e8mes"},"content":{"rendered":"<div class=\"fusion-fullwidth fullwidth-box nonhundred-percent-fullwidth non-hundred-percent-height-scrolling\"  style='background-color: #ffffff;background-position: center center;background-repeat: no-repeat;padding-top:0px;padding-right:0px;padding-bottom:0px;padding-left:0px;'><div class=\"fusion-builder-row fusion-row \"><div  class=\"fusion-layout-column fusion_builder_column fusion_builder_column_1_1  fusion-one-full fusion-column-first fusion-column-last 1_1\"  style='margin-top:0px;margin-bottom:0px;'>\n\t\t\t\t\t<div class=\"fusion-column-wrapper\" style=\"background-position:left top;background-repeat:no-repeat;-webkit-background-size:cover;-moz-background-size:cover;-o-background-size:cover;background-size:cover;\"  data-bg-url=\"\">\n\t\t\t\t\t\t<div class=\"fusion-text\"><h3 style=\"text-align: center;\">Explorez \u200bles EJC th\u00e8mes<\/h3>\n<\/div><div class=\"fusion-recent-works fusion-portfolio-element fusion-portfolio fusion-portfolio-1 fusion-portfolio-grid fusion-portfolio-paging-none fusion-portfolio-three fusion-portfolio-no_text fusion-portfolio-rollover\" data-id=\"-rw-1\" data-columns=\"three\"><style type=\"text\/css\">.fusion-portfolio-1 .fusion-portfolio-wrapper .fusion-col-spacing{padding:10px;}<\/style><div class=\"fusion-portfolio-wrapper\" id=\"fusion-portfolio-1\" data-picturesize=\"auto\" data-pages=\"1\" style=\"margin:-10px;\"><article id=\"portfolio-1-post-655\" class=\"fusion-portfolio-post fusion-col-spacing post-655\"><div class=\"fusion-portfolio-content-wrapper\" style=\"border:none;\">\n\t\t\t<span class=\"entry-title rich-snippet-hidden\">\n\t\t\tLA PR\u00c9SENCE JUIVE AU CANADA<br>Histoire de l\u2019immigration juive\t\t<\/span>\n\t\n\t\t\t<span class=\"vcard rich-snippet-hidden\">\n\t\t\t<span class=\"fn\">\n\t\t\t\t<a href=\"https:\/\/cje2017.com\/fr\/author\/les\/\" title=\"Articles par Les Kumar\" rel=\"author\">Les Kumar<\/a>\t\t\t<\/span>\n\t\t<\/span>\n\t\n\t\t\t<span class=\"updated rich-snippet-hidden\">\n\t\t\t2017-11-11T22:33:33-05:00\t\t<\/span>\n\t\n\n\n<div  class=\"fusion-image-wrapper\" aria-haspopup=\"true\">\n\t\n\t\n\t\t\n\t\t\t\t\t<img loading=\"lazy\" decoding=\"async\" width=\"800\" height=\"711\" src=\"https:\/\/cje2017.com\/wp-content\/uploads\/2017\/11\/the-journey-begins-caption-400x356.jpg\" class=\"attachment-full size-full wp-post-image\" alt=\"\" srcset=\"https:\/\/cje2017.com\/wp-content\/uploads\/2017\/11\/the-journey-begins-caption-200x178.jpg 200w, https:\/\/cje2017.com\/wp-content\/uploads\/2017\/11\/the-journey-begins-caption-400x356.jpg 400w, https:\/\/cje2017.com\/wp-content\/uploads\/2017\/11\/the-journey-begins-caption-600x533.jpg 600w, https:\/\/cje2017.com\/wp-content\/uploads\/2017\/11\/the-journey-begins-caption.jpg 800w\" sizes=\"auto, (min-width: 2200px) 100vw, (min-width: 1064px) 353px, (min-width: 992px) 530px, (min-width: 920px) 992px, \" \/>\n\t\n\n\t\t<div class=\"fusion-rollover\">\n\t<div class=\"fusion-rollover-content\">\n\n\t\t\t\t\n\t\t\t\t\n\t\t\t\t\t\t\t\t\t\t\t\t<h4 class=\"fusion-rollover-title\">\n\t\t\t\t\t<a href=\"https:\/\/cje2017.com\/fr\/exhibits\/la-presence-juive-au-canadahistoire-de-limmigration-juive\/\">\n\t\t\t\t\t\tLA PR\u00c9SENCE JUIVE AU CANADA<br>Histoire de l\u2019immigration juive\t\t\t\t\t<\/a>\n\t\t\t\t<\/h4>\n\t\t\t\n\t\t\t\t\t\t\t\t\n\t\t\n\t\t\t\t<a class=\"fusion-link-wrapper\" href=\"https:\/\/cje2017.com\/fr\/exhibits\/la-presence-juive-au-canadahistoire-de-limmigration-juive\/\" aria-label=\"LA PR\u00c9SENCE JUIVE AU CANADAHistoire de l\u2019immigration juive\"><\/a>\n\t<\/div>\n<\/div>\n\n\t\n<\/div>\n<\/div><\/article><article id=\"portfolio-1-post-628\" class=\"fusion-portfolio-post fusion-col-spacing post-628\"><div class=\"fusion-portfolio-content-wrapper\" style=\"border:none;\">\n\t\t\t<span class=\"entry-title rich-snippet-hidden\">\n\t\t\tDE COLPORTEURS \u00c0 HOMMES D\u2019AFFAIRES<BR>L\u2019\u00e9dification d\u2019un pays puissant et prosp\u00e8re\t\t<\/span>\n\t\n\t\t\t<span class=\"vcard rich-snippet-hidden\">\n\t\t\t<span class=\"fn\">\n\t\t\t\t<a href=\"https:\/\/cje2017.com\/fr\/author\/les\/\" title=\"Articles par Les Kumar\" rel=\"author\">Les Kumar<\/a>\t\t\t<\/span>\n\t\t<\/span>\n\t\n\t\t\t<span class=\"updated rich-snippet-hidden\">\n\t\t\t2017-11-11T22:50:21-05:00\t\t<\/span>\n\t\n\n\n<div  class=\"fusion-image-wrapper\" aria-haspopup=\"true\">\n\t\n\t\n\t\t\n\t\t\t\t\t<img loading=\"lazy\" decoding=\"async\" width=\"800\" height=\"711\" src=\"https:\/\/cje2017.com\/wp-content\/uploads\/2017\/11\/peddiers-to-business-caption-400x356.jpg\" class=\"attachment-full size-full wp-post-image\" alt=\"\" srcset=\"https:\/\/cje2017.com\/wp-content\/uploads\/2017\/11\/peddiers-to-business-caption-200x178.jpg 200w, https:\/\/cje2017.com\/wp-content\/uploads\/2017\/11\/peddiers-to-business-caption-400x356.jpg 400w, https:\/\/cje2017.com\/wp-content\/uploads\/2017\/11\/peddiers-to-business-caption-600x533.jpg 600w, https:\/\/cje2017.com\/wp-content\/uploads\/2017\/11\/peddiers-to-business-caption.jpg 800w\" sizes=\"auto, (min-width: 2200px) 100vw, (min-width: 1064px) 353px, (min-width: 992px) 530px, (min-width: 920px) 992px, \" \/>\n\t\n\n\t\t<div class=\"fusion-rollover\">\n\t<div class=\"fusion-rollover-content\">\n\n\t\t\t\t\n\t\t\t\t\n\t\t\t\t\t\t\t\t\t\t\t\t<h4 class=\"fusion-rollover-title\">\n\t\t\t\t\t<a href=\"https:\/\/cje2017.com\/fr\/exhibits\/de-colporteurs-a-hommes-daffaires\/\">\n\t\t\t\t\t\tDE COLPORTEURS \u00c0 HOMMES D\u2019AFFAIRES<BR>L\u2019\u00e9dification d\u2019un pays puissant et prosp\u00e8re\t\t\t\t\t<\/a>\n\t\t\t\t<\/h4>\n\t\t\t\n\t\t\t\t\t\t\t\t\n\t\t\n\t\t\t\t<a class=\"fusion-link-wrapper\" href=\"https:\/\/cje2017.com\/fr\/exhibits\/de-colporteurs-a-hommes-daffaires\/\" aria-label=\"DE COLPORTEURS \u00c0 HOMMES D\u2019AFFAIRESL\u2019\u00e9dification d\u2019un pays puissant et prosp\u00e8re\"><\/a>\n\t<\/div>\n<\/div>\n\n\t\n<\/div>\n<\/div><\/article><article id=\"portfolio-1-post-632\" class=\"fusion-portfolio-post fusion-col-spacing post-632\"><div class=\"fusion-portfolio-content-wrapper\" style=\"border:none;\">\n\t\t\t<span class=\"entry-title rich-snippet-hidden\">\n\t\t\tGUERRE ET PAIX<BR>Les juifs dans les forces arm\u00e9es canadiennes\t\t<\/span>\n\t\n\t\t\t<span class=\"vcard rich-snippet-hidden\">\n\t\t\t<span class=\"fn\">\n\t\t\t\t<a href=\"https:\/\/cje2017.com\/fr\/author\/les\/\" title=\"Articles par Les Kumar\" rel=\"author\">Les Kumar<\/a>\t\t\t<\/span>\n\t\t<\/span>\n\t\n\t\t\t<span class=\"updated rich-snippet-hidden\">\n\t\t\t2017-11-11T22:37:31-05:00\t\t<\/span>\n\t\n\n\n<div  class=\"fusion-image-wrapper\" aria-haspopup=\"true\">\n\t\n\t\n\t\t\n\t\t\t\t\t<img loading=\"lazy\" decoding=\"async\" width=\"800\" height=\"711\" src=\"https:\/\/cje2017.com\/wp-content\/uploads\/2017\/11\/war-and-peace-1-caption-400x356.jpg\" class=\"attachment-full size-full wp-post-image\" alt=\"\" srcset=\"https:\/\/cje2017.com\/wp-content\/uploads\/2017\/11\/war-and-peace-1-caption-200x178.jpg 200w, https:\/\/cje2017.com\/wp-content\/uploads\/2017\/11\/war-and-peace-1-caption-400x356.jpg 400w, https:\/\/cje2017.com\/wp-content\/uploads\/2017\/11\/war-and-peace-1-caption-600x533.jpg 600w, https:\/\/cje2017.com\/wp-content\/uploads\/2017\/11\/war-and-peace-1-caption.jpg 800w\" sizes=\"auto, (min-width: 2200px) 100vw, (min-width: 1064px) 353px, (min-width: 992px) 530px, (min-width: 920px) 992px, \" \/>\n\t\n\n\t\t<div class=\"fusion-rollover\">\n\t<div class=\"fusion-rollover-content\">\n\n\t\t\t\t\n\t\t\t\t\n\t\t\t\t\t\t\t\t\t\t\t\t<h4 class=\"fusion-rollover-title\">\n\t\t\t\t\t<a href=\"https:\/\/cje2017.com\/fr\/exhibits\/guerre-et-paix\/\">\n\t\t\t\t\t\tGUERRE ET PAIX<BR>Les juifs dans les forces arm\u00e9es canadiennes\t\t\t\t\t<\/a>\n\t\t\t\t<\/h4>\n\t\t\t\n\t\t\t\t\t\t\t\t\n\t\t\n\t\t\t\t<a class=\"fusion-link-wrapper\" href=\"https:\/\/cje2017.com\/fr\/exhibits\/guerre-et-paix\/\" aria-label=\"GUERRE ET PAIXLes juifs dans les forces arm\u00e9es canadiennes\"><\/a>\n\t<\/div>\n<\/div>\n\n\t\n<\/div>\n<\/div><\/article><article id=\"portfolio-1-post-645\" class=\"fusion-portfolio-post fusion-col-spacing post-645\"><div class=\"fusion-portfolio-content-wrapper\" style=\"border:none;\">\n\t\t\t<span class=\"entry-title rich-snippet-hidden\">\n\t\t\tAU SERVICE DE LA D\u00c9MOCRATIE<BR>Les repr\u00e9sentants \u00e9lus et les fonctionnaires\t\t<\/span>\n\t\n\t\t\t<span class=\"vcard rich-snippet-hidden\">\n\t\t\t<span class=\"fn\">\n\t\t\t\t<a href=\"https:\/\/cje2017.com\/fr\/author\/les\/\" title=\"Articles par Les Kumar\" rel=\"author\">Les Kumar<\/a>\t\t\t<\/span>\n\t\t<\/span>\n\t\n\t\t\t<span class=\"updated rich-snippet-hidden\">\n\t\t\t2017-11-11T22:39:45-05:00\t\t<\/span>\n\t\n\n\n<div  class=\"fusion-image-wrapper\" aria-haspopup=\"true\">\n\t\n\t\n\t\t\n\t\t\t\t\t<img loading=\"lazy\" decoding=\"async\" width=\"800\" height=\"711\" src=\"https:\/\/cje2017.com\/wp-content\/uploads\/2017\/11\/searving-demo-caption-400x356.jpg\" class=\"attachment-full size-full wp-post-image\" alt=\"\" srcset=\"https:\/\/cje2017.com\/wp-content\/uploads\/2017\/11\/searving-demo-caption-200x178.jpg 200w, https:\/\/cje2017.com\/wp-content\/uploads\/2017\/11\/searving-demo-caption-400x356.jpg 400w, https:\/\/cje2017.com\/wp-content\/uploads\/2017\/11\/searving-demo-caption-600x533.jpg 600w, https:\/\/cje2017.com\/wp-content\/uploads\/2017\/11\/searving-demo-caption.jpg 800w\" sizes=\"auto, (min-width: 2200px) 100vw, (min-width: 1064px) 353px, (min-width: 992px) 530px, (min-width: 920px) 992px, \" \/>\n\t\n\n\t\t<div class=\"fusion-rollover\">\n\t<div class=\"fusion-rollover-content\">\n\n\t\t\t\t\n\t\t\t\t\n\t\t\t\t\t\t\t\t\t\t\t\t<h4 class=\"fusion-rollover-title\">\n\t\t\t\t\t<a href=\"https:\/\/cje2017.com\/fr\/exhibits\/au-service-de-la-democratie\/\">\n\t\t\t\t\t\tAU SERVICE DE LA D\u00c9MOCRATIE<BR>Les repr\u00e9sentants \u00e9lus et les fonctionnaires\t\t\t\t\t<\/a>\n\t\t\t\t<\/h4>\n\t\t\t\n\t\t\t\t\t\t\t\t\n\t\t\n\t\t\t\t<a class=\"fusion-link-wrapper\" href=\"https:\/\/cje2017.com\/fr\/exhibits\/au-service-de-la-democratie\/\" aria-label=\"AU SERVICE DE LA D\u00c9MOCRATIELes repr\u00e9sentants \u00e9lus et les fonctionnaires\"><\/a>\n\t<\/div>\n<\/div>\n\n\t\n<\/div>\n<\/div><\/article><article id=\"portfolio-1-post-651\" class=\"fusion-portfolio-post fusion-col-spacing post-651\"><div class=\"fusion-portfolio-content-wrapper\" style=\"border:none;\">\n\t\t\t<span class=\"entry-title rich-snippet-hidden\">\n\t\t\tDES SYNAGOGUES AUX GRATTE-CIEL<BR>Architectes et promoteurs du cadre b\u00e2ti canadien\t\t<\/span>\n\t\n\t\t\t<span class=\"vcard rich-snippet-hidden\">\n\t\t\t<span class=\"fn\">\n\t\t\t\t<a href=\"https:\/\/cje2017.com\/fr\/author\/les\/\" title=\"Articles par Les Kumar\" rel=\"author\">Les Kumar<\/a>\t\t\t<\/span>\n\t\t<\/span>\n\t\n\t\t\t<span class=\"updated rich-snippet-hidden\">\n\t\t\t2017-11-11T22:40:50-05:00\t\t<\/span>\n\t\n\n\n<div  class=\"fusion-image-wrapper\" aria-haspopup=\"true\">\n\t\n\t\n\t\t\n\t\t\t\t\t<img loading=\"lazy\" decoding=\"async\" width=\"800\" height=\"712\" src=\"https:\/\/cje2017.com\/wp-content\/uploads\/2017\/11\/synagogues1-caption-400x356.jpg\" class=\"attachment-full size-full wp-post-image\" alt=\"\" srcset=\"https:\/\/cje2017.com\/wp-content\/uploads\/2017\/11\/synagogues1-caption-200x178.jpg 200w, https:\/\/cje2017.com\/wp-content\/uploads\/2017\/11\/synagogues1-caption-400x356.jpg 400w, https:\/\/cje2017.com\/wp-content\/uploads\/2017\/11\/synagogues1-caption-600x534.jpg 600w, https:\/\/cje2017.com\/wp-content\/uploads\/2017\/11\/synagogues1-caption.jpg 800w\" sizes=\"auto, (min-width: 2200px) 100vw, (min-width: 1064px) 353px, (min-width: 992px) 530px, (min-width: 920px) 992px, \" \/>\n\t\n\n\t\t<div class=\"fusion-rollover\">\n\t<div class=\"fusion-rollover-content\">\n\n\t\t\t\t\n\t\t\t\t\n\t\t\t\t\t\t\t\t\t\t\t\t<h4 class=\"fusion-rollover-title\">\n\t\t\t\t\t<a href=\"https:\/\/cje2017.com\/fr\/exhibits\/des-synagogues-aux-gratte-ciel\/\">\n\t\t\t\t\t\tDES SYNAGOGUES AUX GRATTE-CIEL<BR>Architectes et promoteurs du cadre b\u00e2ti canadien\t\t\t\t\t<\/a>\n\t\t\t\t<\/h4>\n\t\t\t\n\t\t\t\t\t\t\t\t\n\t\t\n\t\t\t\t<a class=\"fusion-link-wrapper\" href=\"https:\/\/cje2017.com\/fr\/exhibits\/des-synagogues-aux-gratte-ciel\/\" aria-label=\"DES SYNAGOGUES AUX GRATTE-CIELArchitectes et promoteurs du cadre b\u00e2ti canadien\"><\/a>\n\t<\/div>\n<\/div>\n\n\t\n<\/div>\n<\/div><\/article><article id=\"portfolio-1-post-640\" class=\"fusion-portfolio-post fusion-col-spacing post-640\"><div class=\"fusion-portfolio-content-wrapper\" style=\"border:none;\">\n\t\t\t<span class=\"entry-title rich-snippet-hidden\">\n\t\t\tDANS L\u2019UNIVERS SPORTIF<BR>Les Canadiens juifs au hockey, au football et dans les autres sports\t\t<\/span>\n\t\n\t\t\t<span class=\"vcard rich-snippet-hidden\">\n\t\t\t<span class=\"fn\">\n\t\t\t\t<a href=\"https:\/\/cje2017.com\/fr\/author\/les\/\" title=\"Articles par Les Kumar\" rel=\"author\">Les Kumar<\/a>\t\t\t<\/span>\n\t\t<\/span>\n\t\n\t\t\t<span class=\"updated rich-snippet-hidden\">\n\t\t\t2017-11-11T22:42:23-05:00\t\t<\/span>\n\t\n\n\n<div  class=\"fusion-image-wrapper\" aria-haspopup=\"true\">\n\t\n\t\n\t\t\n\t\t\t\t\t<img loading=\"lazy\" decoding=\"async\" width=\"800\" height=\"712\" src=\"https:\/\/cje2017.com\/wp-content\/uploads\/2017\/11\/playing-canadian-game-caption-400x356.jpg\" class=\"attachment-full size-full wp-post-image\" alt=\"\" srcset=\"https:\/\/cje2017.com\/wp-content\/uploads\/2017\/11\/playing-canadian-game-caption-200x178.jpg 200w, https:\/\/cje2017.com\/wp-content\/uploads\/2017\/11\/playing-canadian-game-caption-400x356.jpg 400w, https:\/\/cje2017.com\/wp-content\/uploads\/2017\/11\/playing-canadian-game-caption-600x534.jpg 600w, https:\/\/cje2017.com\/wp-content\/uploads\/2017\/11\/playing-canadian-game-caption.jpg 800w\" sizes=\"auto, (min-width: 2200px) 100vw, (min-width: 1064px) 353px, (min-width: 992px) 530px, (min-width: 920px) 992px, \" \/>\n\t\n\n\t\t<div class=\"fusion-rollover\">\n\t<div class=\"fusion-rollover-content\">\n\n\t\t\t\t\n\t\t\t\t\n\t\t\t\t\t\t\t\t\t\t\t\t<h4 class=\"fusion-rollover-title\">\n\t\t\t\t\t<a href=\"https:\/\/cje2017.com\/fr\/exhibits\/dans-lunivers-sportif\/\">\n\t\t\t\t\t\tDANS L\u2019UNIVERS SPORTIF<BR>Les Canadiens juifs au hockey, au football et dans les autres sports\t\t\t\t\t<\/a>\n\t\t\t\t<\/h4>\n\t\t\t\n\t\t\t\t\t\t\t\t\n\t\t\n\t\t\t\t<a class=\"fusion-link-wrapper\" href=\"https:\/\/cje2017.com\/fr\/exhibits\/dans-lunivers-sportif\/\" aria-label=\"DANS L\u2019UNIVERS SPORTIFLes Canadiens juifs au hockey, au football et dans les autres sports\"><\/a>\n\t<\/div>\n<\/div>\n\n\t\n<\/div>\n<\/div><\/article><article id=\"portfolio-1-post-637\" class=\"fusion-portfolio-post fusion-col-spacing post-637\"><div class=\"fusion-portfolio-content-wrapper\" style=\"border:none;\">\n\t\t\t<span class=\"entry-title rich-snippet-hidden\">\n\t\t\tARTS, SAVOIR ET CULTURE POPULAIRE<BR>\u00c9crivains, acteurs, scientifiques et responsables des m\u00e9dias\t\t<\/span>\n\t\n\t\t\t<span class=\"vcard rich-snippet-hidden\">\n\t\t\t<span class=\"fn\">\n\t\t\t\t<a href=\"https:\/\/cje2017.com\/fr\/author\/les\/\" title=\"Articles par Les Kumar\" rel=\"author\">Les Kumar<\/a>\t\t\t<\/span>\n\t\t<\/span>\n\t\n\t\t\t<span class=\"updated rich-snippet-hidden\">\n\t\t\t2017-11-11T22:43:48-05:00\t\t<\/span>\n\t\n\n\n<div  class=\"fusion-image-wrapper\" aria-haspopup=\"true\">\n\t\n\t\n\t\t\n\t\t\t\t\t<img loading=\"lazy\" decoding=\"async\" width=\"800\" height=\"711\" src=\"https:\/\/cje2017.com\/wp-content\/uploads\/2017\/11\/art-and-pupular-caption-400x356.jpg\" class=\"attachment-full size-full wp-post-image\" alt=\"\" srcset=\"https:\/\/cje2017.com\/wp-content\/uploads\/2017\/11\/art-and-pupular-caption-200x178.jpg 200w, https:\/\/cje2017.com\/wp-content\/uploads\/2017\/11\/art-and-pupular-caption-400x356.jpg 400w, https:\/\/cje2017.com\/wp-content\/uploads\/2017\/11\/art-and-pupular-caption-600x533.jpg 600w, https:\/\/cje2017.com\/wp-content\/uploads\/2017\/11\/art-and-pupular-caption.jpg 800w\" sizes=\"auto, (min-width: 2200px) 100vw, (min-width: 1064px) 353px, (min-width: 992px) 530px, (min-width: 920px) 992px, \" \/>\n\t\n\n\t\t<div class=\"fusion-rollover\">\n\t<div class=\"fusion-rollover-content\">\n\n\t\t\t\t\n\t\t\t\t\n\t\t\t\t\t\t\t\t\t\t\t\t<h4 class=\"fusion-rollover-title\">\n\t\t\t\t\t<a href=\"https:\/\/cje2017.com\/fr\/exhibits\/arts-savoir-et-culture-populaire\/\">\n\t\t\t\t\t\tARTS, SAVOIR ET CULTURE POPULAIRE<BR>\u00c9crivains, acteurs, scientifiques et responsables des m\u00e9dias\t\t\t\t\t<\/a>\n\t\t\t\t<\/h4>\n\t\t\t\n\t\t\t\t\t\t\t\t\n\t\t\n\t\t\t\t<a class=\"fusion-link-wrapper\" href=\"https:\/\/cje2017.com\/fr\/exhibits\/arts-savoir-et-culture-populaire\/\" aria-label=\"ARTS, SAVOIR ET CULTURE POPULAIRE\u00c9crivains, acteurs, scientifiques et responsables des m\u00e9dias\"><\/a>\n\t<\/div>\n<\/div>\n\n\t\n<\/div>\n<\/div><\/article><article id=\"portfolio-1-post-659\" class=\"fusion-portfolio-post fusion-col-spacing post-659\"><div class=\"fusion-portfolio-content-wrapper\" style=\"border:none;\">\n\t\t\t<span class=\"entry-title rich-snippet-hidden\">\n\t\t\tLA JUSTICE POUR TOUS<BR>La lutte contre la discrimination et les lois relatives aux droits de la personne\t\t<\/span>\n\t\n\t\t\t<span class=\"vcard rich-snippet-hidden\">\n\t\t\t<span class=\"fn\">\n\t\t\t\t<a href=\"https:\/\/cje2017.com\/fr\/author\/les\/\" title=\"Articles par Les Kumar\" rel=\"author\">Les Kumar<\/a>\t\t\t<\/span>\n\t\t<\/span>\n\t\n\t\t\t<span class=\"updated rich-snippet-hidden\">\n\t\t\t2017-11-11T22:45:47-05:00\t\t<\/span>\n\t\n\n\n<div  class=\"fusion-image-wrapper\" aria-haspopup=\"true\">\n\t\n\t\n\t\t\n\t\t\t\t\t<img loading=\"lazy\" decoding=\"async\" width=\"800\" height=\"712\" src=\"https:\/\/cje2017.com\/wp-content\/uploads\/2017\/11\/Justice-for-all-2-caption-400x356.jpg\" class=\"attachment-full size-full wp-post-image\" alt=\"\" srcset=\"https:\/\/cje2017.com\/wp-content\/uploads\/2017\/11\/Justice-for-all-2-caption-200x178.jpg 200w, https:\/\/cje2017.com\/wp-content\/uploads\/2017\/11\/Justice-for-all-2-caption-400x356.jpg 400w, https:\/\/cje2017.com\/wp-content\/uploads\/2017\/11\/Justice-for-all-2-caption-600x534.jpg 600w, https:\/\/cje2017.com\/wp-content\/uploads\/2017\/11\/Justice-for-all-2-caption.jpg 800w\" sizes=\"auto, (min-width: 2200px) 100vw, (min-width: 1064px) 353px, (min-width: 992px) 530px, (min-width: 920px) 992px, \" \/>\n\t\n\n\t\t<div class=\"fusion-rollover\">\n\t<div class=\"fusion-rollover-content\">\n\n\t\t\t\t\n\t\t\t\t\n\t\t\t\t\t\t\t\t\t\t\t\t<h4 class=\"fusion-rollover-title\">\n\t\t\t\t\t<a href=\"https:\/\/cje2017.com\/fr\/exhibits\/la-justice-pour-tous\/\">\n\t\t\t\t\t\tLA JUSTICE POUR TOUS<BR>La lutte contre la discrimination et les lois relatives aux droits de la personne\t\t\t\t\t<\/a>\n\t\t\t\t<\/h4>\n\t\t\t\n\t\t\t\t\t\t\t\t\n\t\t\n\t\t\t\t<a class=\"fusion-link-wrapper\" href=\"https:\/\/cje2017.com\/fr\/exhibits\/la-justice-pour-tous\/\" aria-label=\"LA JUSTICE POUR TOUSLa lutte contre la discrimination et les lois relatives aux droits de la personne\"><\/a>\n\t<\/div>\n<\/div>\n\n\t\n<\/div>\n<\/div><\/article><article id=\"portfolio-1-post-663\" class=\"fusion-portfolio-post fusion-col-spacing post-663\"><div class=\"fusion-portfolio-content-wrapper\" style=\"border:none;\">\n\t\t\t<span class=\"entry-title rich-snippet-hidden\">\n\t\t\tDES B\u00c2TISSEURS D\u2019EXCEPTION\t\t<\/span>\n\t\n\t\t\t<span class=\"vcard rich-snippet-hidden\">\n\t\t\t<span class=\"fn\">\n\t\t\t\t<a href=\"https:\/\/cje2017.com\/fr\/author\/les\/\" title=\"Articles par Les Kumar\" rel=\"author\">Les Kumar<\/a>\t\t\t<\/span>\n\t\t<\/span>\n\t\n\t\t\t<span class=\"updated rich-snippet-hidden\">\n\t\t\t2017-11-11T22:48:11-05:00\t\t<\/span>\n\t\n\n\n<div  class=\"fusion-image-wrapper\" aria-haspopup=\"true\">\n\t\n\t\n\t\t\n\t\t\t\t\t<img loading=\"lazy\" decoding=\"async\" width=\"800\" height=\"712\" src=\"https:\/\/cje2017.com\/wp-content\/uploads\/2017\/11\/EXCEPTIONAL-BUILDERS-cover-caption-400x356.jpg\" class=\"attachment-full size-full wp-post-image\" alt=\"\" srcset=\"https:\/\/cje2017.com\/wp-content\/uploads\/2017\/11\/EXCEPTIONAL-BUILDERS-cover-caption-200x178.jpg 200w, https:\/\/cje2017.com\/wp-content\/uploads\/2017\/11\/EXCEPTIONAL-BUILDERS-cover-caption-400x356.jpg 400w, https:\/\/cje2017.com\/wp-content\/uploads\/2017\/11\/EXCEPTIONAL-BUILDERS-cover-caption-600x534.jpg 600w, https:\/\/cje2017.com\/wp-content\/uploads\/2017\/11\/EXCEPTIONAL-BUILDERS-cover-caption.jpg 800w\" sizes=\"auto, (min-width: 2200px) 100vw, (min-width: 1064px) 353px, (min-width: 992px) 530px, (min-width: 920px) 992px, \" \/>\n\t\n\n\t\t<div class=\"fusion-rollover\">\n\t<div class=\"fusion-rollover-content\">\n\n\t\t\t\t\n\t\t\t\t\n\t\t\t\t\t\t\t\t\t\t\t\t<h4 class=\"fusion-rollover-title\">\n\t\t\t\t\t<a href=\"https:\/\/cje2017.com\/fr\/exhibits\/des-batisseurs-dexception\/\">\n\t\t\t\t\t\tDES B\u00c2TISSEURS D\u2019EXCEPTION\t\t\t\t\t<\/a>\n\t\t\t\t<\/h4>\n\t\t\t\n\t\t\t\t\t\t\t\t\n\t\t\n\t\t\t\t<a class=\"fusion-link-wrapper\" href=\"https:\/\/cje2017.com\/fr\/exhibits\/des-batisseurs-dexception\/\" aria-label=\"DES B\u00c2TISSEURS D\u2019EXCEPTION\"><\/a>\n\t<\/div>\n<\/div>\n\n\t\n<\/div>\n<\/div><\/article><\/div><\/div><div class=\"fusion-clearfix\"><\/div>\n\n\t\t\t\t\t<\/div>\n\t\t\t\t<\/div><\/div><\/div>\n","protected":false},"excerpt":{"rendered":"","protected":false},"author":4,"featured_media":0,"parent":0,"menu_order":0,"comment_status":"closed","ping_status":"closed","template":"","meta":{"footnotes":""},"class_list":["post-2331","page","type-page","status-publish","hentry"],"_links":{"self":[{"href":"https:\/\/cje2017.com\/fr\/wp-json\/wp\/v2\/pages\/2331","targetHints":{"allow":["GET"]}}],"collection":[{"href":"https:\/\/cje2017.com\/fr\/wp-json\/wp\/v2\/pages"}],"about":[{"href":"https:\/\/cje2017.com\/fr\/wp-json\/wp\/v2\/types\/page"}],"author":[{"embeddable":true,"href":"https:\/\/cje2017.com\/fr\/wp-json\/wp\/v2\/users\/4"}],"replies":[{"embeddable":true,"href":"https:\/\/cje2017.com\/fr\/wp-json\/wp\/v2\/comments?post=2331"}],"version-history":[{"count":5,"href":"https:\/\/cje2017.com\/fr\/wp-json\/wp\/v2\/pages\/2331\/revisions"}],"predecessor-version":[{"id":2584,"href":"https:\/\/cje2017.com\/fr\/wp-json\/wp\/v2\/pages\/2331\/revisions\/2584"}],"wp:attachment":[{"href":"https:\/\/cje2017.com\/fr\/wp-json\/wp\/v2\/media?parent=2331"}],"curies":[{"name":"wp","href":"https:\/\/api.w.org\/{rel}","templated":true}]}}