{"id":604,"date":"2017-03-08T14:41:41","date_gmt":"2017-03-08T14:41:41","guid":{"rendered":"http:\/\/cje2017.com\/cje-across-canada\/"},"modified":"2017-11-20T23:32:06","modified_gmt":"2017-11-21T04:32:06","slug":"lejc-partout-au-canada","status":"publish","type":"page","link":"https:\/\/cje2017.com\/fr\/lejc-partout-au-canada\/","title":{"rendered":"L&rsquo;EJC partout au Canada"},"content":{"rendered":"<div class=\"fusion-fullwidth fullwidth-box nonhundred-percent-fullwidth non-hundred-percent-height-scrolling\"  style='background-color: #ffffff;background-position: center center;background-repeat: no-repeat;padding-top:0px;padding-right:0px;padding-bottom:0px;padding-left:0px;'><div class=\"fusion-builder-row fusion-row \"><div  class=\"fusion-layout-column fusion_builder_column fusion_builder_column_1_1  fusion-one-full fusion-column-first fusion-column-last 1_1\"  style='margin-top:0px;margin-bottom:0px;'>\n\t\t\t\t\t<div class=\"fusion-column-wrapper\" style=\"background-position:left top;background-repeat:no-repeat;-webkit-background-size:cover;-moz-background-size:cover;-o-background-size:cover;background-size:cover;\"  data-bg-url=\"\">\n\t\t\t\t\t\t<div style=\"position:relative\"><img decoding=\"async\" src=\"\/wp-content\/uploads\/2017\/11\/CJE-MAP-FRE-Oct-13-2017.png\" alt=\"Map of Canada\"><a href=\"\/fr\/victoria-bc\/\" title=\"Victoria\" style=\"position: absolute; left: 16.92%; top: 76.95%; width: 1.64%; height: 3.64%; z-index: 2;\"><\/a><a href=\"\/fr\/victoria-bc\/\" title=\"Victoria\" style=\"position: absolute; left: 9.51%; top: 75.84%; width: 6.92%; height: 1.86%; z-index: 2;\"><\/a><a href=\"\/fr\/vancouver-bc\/\" title=\"Vancouver\" style=\"position: absolute; left: 18.75%; top: 75.22%; width: 1.64%; height: 3.64%; z-index: 2;\"><\/a><a href=\"\/fr\/vancouver-bc\/\" title=\"Vancouver\" style=\"position: absolute; left: 11.48%; top: 72.36%; width: 9.32%; height: 1.82%; z-index: 2;\"><\/a><a href=\"\/fr\/edmonton-ab\/\" title=\"Edmonton\" style=\"position: absolute; left: 29.96%; top: 69.14%; width: 1.64%; height: 3.64%; z-index: 2;\"><\/a><a href=\"\/fr\/edmonton-ab\/\" title=\"Edmonton\" style=\"position: absolute; left: 22.61%; top: 66.28%; width: 8.72%; height: 1.82%; z-index: 2;\"><\/a><a href=\"\/fr\/calgary-ab\/\" title=\"Calgary\" style=\"position: absolute; left: 29.77%; top: 76.95%; width: 1.64%; height: 3.64%; z-index: 2;\"><\/a><a href=\"\/fr\/calgary-ab\/\" title=\"Calgary\" style=\"position: absolute; left: 24.38%; top: 74.31%; width: 6.83%; height: 1.82%; z-index: 2;\"><\/a><a href=\"\/fr\/saskatoon-sk\/\" title=\"Saskatoon\" style=\"position: absolute; left: 35.89%; top: 72.53%; width: 1.64%; height: 3.64%; z-index: 2;\"><\/a><a href=\"\/fr\/saskatoon-sk\/\" title=\"Saskatoon\" style=\"position: absolute; left: 36.19%; top: 69.55%; width: 8.97%; height: 1.82%; z-index: 2;\"><\/a><a href=\"\/fr\/regina-sk\/\" title=\"Regina\" style=\"position: absolute; left: 38.27%; top: 78.82%; width: 1.64%; height: 3.64%; z-index: 2;\"><\/a><a href=\"\/fr\/regina-sk\/\" title=\"Regina\" style=\"position: absolute; left: 38.68%; top: 76%; width: 5.36%; height: 1.82%; z-index: 2;\"><\/a><a href=\"\/fr\/winnipeg-mb\/\" title=\"Winnipeg\" style=\"position: absolute; left: 45.27%; top: 79.44%; width: 1.64%; height: 3.64%; z-index: 2;\"><\/a><a href=\"\/fr\/winnipeg-mb\/\" title=\"Winnipeg\" style=\"position: absolute; left: 45.43%; top: 76.79%; width: 7.35%; height: 1.82%; z-index: 2;\"><\/a><a href=\"\/fr\/windsor-on\/\" title=\"Windsor\" style=\"position: absolute; left: 62.36%; top: 95.16%; width: 1.64%; height: 3.64%; z-index: 2;\"><\/a><a href=\"\/fr\/windsor-on\/\" title=\"Windsor\" style=\"position: absolute; left: 54.59%; top: 95.15%; width: 7.08%; height: 1.82%; z-index: 2;\"><\/a><a href=\"\/fr\/london-on\/\" title=\"London\" style=\"position: absolute; left: 64.19%; top: 94%; width: 1.64%; height: 3.64%; z-index: 2;\"><\/a><a href=\"\/fr\/london-on\/\" title=\"London\" style=\"position: absolute; left: 66.18%; top: 95.15%; width: 6.23%; height: 1.82%; z-index: 2;\"><\/a><a href=\"\/cje-across-canada\/stratford\/\" title=\"Stratford\" style=\"position: absolute; left: 63.8%; top: 91.6%; width: 1.67%; height: 3.64%; z-index: 2;\"><\/a><a href=\"\/cje-across-canada\/stratford\/\" title=\"Stratford\" style=\"position: absolute; left: 54.98%; top: 92.5%; width: 8.53%; height: 1.82%; z-index: 2;\"><\/a><a href=\"\/cje-across-canada\/hamilton\/\" title=\"Hamilton\" style=\"position: absolute; left: 66.1%; top: 90.98%; width: 1.67%; height: 3.64%; z-index: 2;\"><\/a><a href=\"\/cje-across-canada\/hamilton\/\" title=\"Hamilton\" style=\"position: absolute; left: 68.15%; top: 92.4%; width: 7.52%; height: 1.82%; z-index: 2;\"><\/a><a href=\"\/cje-across-canada\/waterloo\/\" title=\"Waterloo\" style=\"position: absolute; left: 65.77%; top: 89.08%; width: 1.64%; height: 3.64%; z-index: 2;\"><\/a><a href=\"\/cje-across-canada\/waterloo\/\" title=\"Waterloo\" style=\"position: absolute; left: 57.24%; top: 89.16%; width: 8.17%; height: 1.82%; z-index: 2;\"><\/a><a href=\"\/cje-across-canada\/guelph\/\" title=\"Guelph\" style=\"position: absolute; left: 66.62%; top: 88.62%; width: 1.64%; height: 3.64%; z-index: 2;\"><\/a><a href=\"\/cje-across-canada\/guelph\/\" title=\"Guelph\" style=\"position: absolute; left: 61.76%; top: 86.35%; width: 5.71%; height: 1.82%; z-index: 2;\"><\/a><a href=\"\/fr\/toronto-on\/\" title=\"Toronto\" style=\"position: absolute; left: 68.04%; top: 87.75%; width: 1.64%; height: 3.64%; z-index: 2;\"><\/a><a href=\"\/fr\/toronto-on\/\" title=\"Toronto\" style=\"position: absolute; left: 69.85%; top: 89.74%; width: 7.41%; height: 1.82%; z-index: 2;\"><\/a><a href=\"\/fr\/ottawa-on\/\" title=\"Ottawa\" style=\"position: absolute; left: 69.46%; top: 84.07%; width: 1.64%; height: 3.64%; z-index: 2;\"><\/a><a href=\"\/fr\/ottawa-on\/\" title=\"Ottawa\" style=\"position: absolute; left: 62.96%; top: 83.7%; width: 6.29%; height: 1.82%; z-index: 2;\"><\/a><a href=\"\/fr\/montreal-qc\/\" title=\"Montreal\" style=\"position: absolute; left: 70.23%; top: 82.62%; width: 1.64%; height: 3.64%; z-index: 2;\"><\/a><a href=\"\/fr\/montreal-qc\/\" title=\"Montreal\" style=\"position: absolute; left: 62.96%; top: 80.89%; width: 8.26%; height: 1.82%; z-index: 2;\"><\/a><a href=<a href=\"\/fr\/sherbrooke-qc\/\" title=\"Sherbrooke\" style=\"position: absolute; left: 70.83%; top: 82.54%; width: 1.64%; height: 3.64%; z-index: 2;\"><\/a><a href=\"\/fr\/sherbrooke-qc\/\" title=\"Sherbrooke\" style=\"position: absolute; left: 73.26%; top: 83.08%; width: 9.98%; height: 1.78%; z-index: 2;\"><\/a><a href=\"\/cje-across-canada\/fredericton\/\" title=\"Fredericton\" style=\"position: absolute; left: 78.35%; top: 77.41%; width: 1.64%; height: 3.6%; z-index: 2;\"><\/a><a href=\"\/fr\/fredericton\/\" title=\"Fredericton\" style=\"position: absolute; left: 67.77%; top: 77%; width: 10.03%; height: 1.82%; z-index: 2;\"><\/a><a href=\"\/fr\/moncton\/\" title=\"Moncton\" style=\"position: absolute; left: 80.29%; top: 76.5%; width: 1.64%; height: 3.64%; z-index: 2;\"><\/a><a href=\"\/fr\/moncton\/\" title=\"Moncton\" style=\"position: absolute; left: 73.81%; top: 74.27%; width: 7.82%; height: 1.82%; z-index: 2;\"><\/a><a href=\"\/fr\/halifax-3\/\" title=\"Halifax\" style=\"position: absolute; left: 82.48%; top: 77.82%; width: 1.64%; height: 3.64%; z-index: 2;\"><\/a><a href=\"\/fr\/halifax-3\/\" title=\"Halifax\" style=\"position: absolute; left: 84.01%; top: 80.93%; width: 6.23%; height: 1.82%; z-index: 2;\"><\/a><a href=\"\/fr\/lile-du-prince-edouard\/\" title=\"l\u2019\u00eele du Prince-\u00c9douard\" style=\"position: absolute; left: 81.96%; top: 73.6%; width: 1.64%; height: 3.64%; z-index: 2;\"><\/a><a href=\"\/fr\/lile-du-prince-edouard\/\" title=\"l\u2019\u00eele du Prince-\u00c9douard\" style=\"position: absolute; left: 82.61%; top: 71.25%; width: 2.02%; height: 1.82%; z-index: 2;\"><\/a><a href=\"\/fr\/terre-neuve-et-labrador\/\" title=\"Terre-Neuve-et-Labrador\" style=\"position: absolute; left: 86.17%; top: 64.17%; width: 1.64%; height: 3.64%; z-index: 2;\"><\/a><a href=\"\/fr\/terre-neuve-et-labrador\/\" title=\"Terre-Neuve-et-Labrador\" style=\"position: absolute; left: 86.52%; top: 61.65%; width: 3.69%; height: 1.82%; z-index: 2;\"><\/a><\/div><div class=\"fusion-sep-clear\"><\/div><div class=\"fusion-separator fusion-full-width-sep sep-single sep-solid\" style=\"border-color:#e0dede;border-top-width:1px;margin-left: auto;margin-right: auto;margin-top:;\"><\/div><div class=\"fusion-text\"><p><img decoding=\"async\" class=\"size-full wp-image-2428 aligncenter\" src=\"\/wp-content\/uploads\/2017\/10\/University-Postcard-Print.jpg\" alt=\"Universit\u00e9\" \/><br \/>\n<img decoding=\"async\" class=\"size-full wp-image-2427 aligncenter\" src=\"\/wp-content\/uploads\/2017\/10\/University-Postcard-Print2.jpg\" alt=\"Universit\u00e9\" \/><\/p>\n<\/div><div class=\"fusion-sep-clear\"><\/div><div class=\"fusion-separator fusion-full-width-sep sep-single sep-solid\" style=\"border-color:#e0dede;border-top-width:1px;margin-left: auto;margin-right: auto;margin-top:;\"><\/div><div class=\"fusion-text\"><h3 style=\"text-align: center;\"><strong>L\u2019EJC partout au Canada<\/strong><\/h3>\n<p style=\"text-align: center;\"><img loading=\"lazy\" decoding=\"async\" class=\"aligncenter wp-image-1170\" src=\"http:\/\/cje2017.com\/wp-content\/uploads\/2017\/03\/02w-CJE-Cities-p1-8-June-2017.jpg\" alt=\"\" width=\"731\" height=\"1012\" srcset=\"https:\/\/cje2017.com\/wp-content\/uploads\/2017\/03\/02w-CJE-Cities-p1-8-June-2017-200x277.jpg 200w, https:\/\/cje2017.com\/wp-content\/uploads\/2017\/03\/02w-CJE-Cities-p1-8-June-2017-216x300.jpg 216w, https:\/\/cje2017.com\/wp-content\/uploads\/2017\/03\/02w-CJE-Cities-p1-8-June-2017-400x554.jpg 400w, https:\/\/cje2017.com\/wp-content\/uploads\/2017\/03\/02w-CJE-Cities-p1-8-June-2017-600x832.jpg 600w, https:\/\/cje2017.com\/wp-content\/uploads\/2017\/03\/02w-CJE-Cities-p1-8-June-2017-739x1024.jpg 739w, https:\/\/cje2017.com\/wp-content\/uploads\/2017\/03\/02w-CJE-Cities-p1-8-June-2017-768x1064.jpg 768w, https:\/\/cje2017.com\/wp-content\/uploads\/2017\/03\/02w-CJE-Cities-p1-8-June-2017-800x1109.jpg 800w, https:\/\/cje2017.com\/wp-content\/uploads\/2017\/03\/02w-CJE-Cities-p1-8-June-2017-1200x1663.jpg 1200w, https:\/\/cje2017.com\/wp-content\/uploads\/2017\/03\/02w-CJE-Cities-p1-8-June-2017.jpg 1897w\" sizes=\"auto, (max-width: 731px) 100vw, 731px\" \/><\/p>\n<p style=\"text-align: center;\"><img loading=\"lazy\" decoding=\"async\" class=\"aligncenter wp-image-1171\" src=\"http:\/\/cje2017.com\/wp-content\/uploads\/2017\/03\/02x-CJE-card-4-p2.jpg\" alt=\"\" width=\"742\" height=\"1035\" srcset=\"https:\/\/cje2017.com\/wp-content\/uploads\/2017\/03\/02x-CJE-card-4-p2-200x279.jpg 200w, https:\/\/cje2017.com\/wp-content\/uploads\/2017\/03\/02x-CJE-card-4-p2-215x300.jpg 215w, https:\/\/cje2017.com\/wp-content\/uploads\/2017\/03\/02x-CJE-card-4-p2-400x559.jpg 400w, https:\/\/cje2017.com\/wp-content\/uploads\/2017\/03\/02x-CJE-card-4-p2-600x838.jpg 600w, https:\/\/cje2017.com\/wp-content\/uploads\/2017\/03\/02x-CJE-card-4-p2-800x1117.jpg 800w, https:\/\/cje2017.com\/wp-content\/uploads\/2017\/03\/02x-CJE-card-4-p2-1200x1676.jpg 1200w, https:\/\/cje2017.com\/wp-content\/uploads\/2017\/03\/02x-CJE-card-4-p2.jpg 1921w\" sizes=\"auto, (max-width: 742px) 100vw, 742px\" \/><\/p>\n<\/div><div class=\"fusion-sep-clear\"><\/div><div class=\"fusion-separator fusion-full-width-sep sep-single sep-solid\" style=\"border-color:#e0dede;border-top-width:1px;margin-left: auto;margin-right: auto;margin-top:;\"><\/div><div class=\"fusion-text\"><h3 style=\"text-align: center;\"><span style=\"color: #000000;\">\u00a0<strong>T\u00e9nacit\u00e9 et amiti\u00e9 : Les juifs <\/strong><strong>de la r\u00e9gion atlantique<br \/>\n<\/strong><\/span><span style=\"color: #000000;\"><strong>Tenacity and Friendship: The Jews of the Atlantic Region<\/strong><\/span><\/h3>\n<p style=\"padding-left: 810px;\"><img loading=\"lazy\" decoding=\"async\" class=\"wp-image-1726 alignleft\" src=\"http:\/\/cje2017.com\/wp-content\/uploads\/2017\/03\/00-CJE-Maritimes-Leaf-24-July-2017.jpg\" alt=\"\" width=\"162\" height=\"95\" srcset=\"https:\/\/cje2017.com\/wp-content\/uploads\/2017\/03\/00-CJE-Maritimes-Leaf-24-July-2017-200x117.jpg 200w, https:\/\/cje2017.com\/wp-content\/uploads\/2017\/03\/00-CJE-Maritimes-Leaf-24-July-2017-300x176.jpg 300w, https:\/\/cje2017.com\/wp-content\/uploads\/2017\/03\/00-CJE-Maritimes-Leaf-24-July-2017-400x234.jpg 400w, https:\/\/cje2017.com\/wp-content\/uploads\/2017\/03\/00-CJE-Maritimes-Leaf-24-July-2017-600x352.jpg 600w, https:\/\/cje2017.com\/wp-content\/uploads\/2017\/03\/00-CJE-Maritimes-Leaf-24-July-2017-768x450.jpg 768w, https:\/\/cje2017.com\/wp-content\/uploads\/2017\/03\/00-CJE-Maritimes-Leaf-24-July-2017-800x469.jpg 800w, https:\/\/cje2017.com\/wp-content\/uploads\/2017\/03\/00-CJE-Maritimes-Leaf-24-July-2017.jpg 1024w\" sizes=\"auto, (max-width: 162px) 100vw, 162px\" \/><\/p>\n<p style=\"text-align: center;\"><img loading=\"lazy\" decoding=\"async\" class=\"aligncenter size-full wp-image-1727\" src=\"http:\/\/cje2017.com\/wp-content\/uploads\/2017\/03\/01b-CJE-Maritimes-Text1-24-July-2017-1.jpg\" alt=\"\" width=\"1024\" height=\"600\" srcset=\"https:\/\/cje2017.com\/wp-content\/uploads\/2017\/03\/01b-CJE-Maritimes-Text1-24-July-2017-1-200x117.jpg 200w, https:\/\/cje2017.com\/wp-content\/uploads\/2017\/03\/01b-CJE-Maritimes-Text1-24-July-2017-1-300x176.jpg 300w, https:\/\/cje2017.com\/wp-content\/uploads\/2017\/03\/01b-CJE-Maritimes-Text1-24-July-2017-1-400x234.jpg 400w, https:\/\/cje2017.com\/wp-content\/uploads\/2017\/03\/01b-CJE-Maritimes-Text1-24-July-2017-1-600x352.jpg 600w, https:\/\/cje2017.com\/wp-content\/uploads\/2017\/03\/01b-CJE-Maritimes-Text1-24-July-2017-1-768x450.jpg 768w, https:\/\/cje2017.com\/wp-content\/uploads\/2017\/03\/01b-CJE-Maritimes-Text1-24-July-2017-1-800x469.jpg 800w, https:\/\/cje2017.com\/wp-content\/uploads\/2017\/03\/01b-CJE-Maritimes-Text1-24-July-2017-1.jpg 1024w\" sizes=\"auto, (max-width: 1024px) 100vw, 1024px\" \/><\/p>\n<p style=\"text-align: center;\"><img loading=\"lazy\" decoding=\"async\" class=\"aligncenter wp-image-1728\" src=\"http:\/\/cje2017.com\/wp-content\/uploads\/2017\/03\/01c-CJE-Maritimes-Text2-Fre-24-July-2017.jpg\" alt=\"\" width=\"848\" height=\"497\" srcset=\"https:\/\/cje2017.com\/wp-content\/uploads\/2017\/03\/01c-CJE-Maritimes-Text2-Fre-24-July-2017-200x117.jpg 200w, https:\/\/cje2017.com\/wp-content\/uploads\/2017\/03\/01c-CJE-Maritimes-Text2-Fre-24-July-2017-300x176.jpg 300w, https:\/\/cje2017.com\/wp-content\/uploads\/2017\/03\/01c-CJE-Maritimes-Text2-Fre-24-July-2017-400x234.jpg 400w, https:\/\/cje2017.com\/wp-content\/uploads\/2017\/03\/01c-CJE-Maritimes-Text2-Fre-24-July-2017-600x352.jpg 600w, https:\/\/cje2017.com\/wp-content\/uploads\/2017\/03\/01c-CJE-Maritimes-Text2-Fre-24-July-2017-768x450.jpg 768w, https:\/\/cje2017.com\/wp-content\/uploads\/2017\/03\/01c-CJE-Maritimes-Text2-Fre-24-July-2017-800x469.jpg 800w, https:\/\/cje2017.com\/wp-content\/uploads\/2017\/03\/01c-CJE-Maritimes-Text2-Fre-24-July-2017.jpg 1024w\" sizes=\"auto, (max-width: 848px) 100vw, 848px\" \/><\/p>\n<p style=\"text-align: center;\"><img loading=\"lazy\" decoding=\"async\" class=\"aligncenter wp-image-1731\" src=\"http:\/\/cje2017.com\/wp-content\/uploads\/2017\/03\/02b-CJE-Maritimes-Armory-24-July-2017.jpg\" alt=\"\" width=\"658\" height=\"153\" srcset=\"https:\/\/cje2017.com\/wp-content\/uploads\/2017\/03\/02b-CJE-Maritimes-Armory-24-July-2017-200x46.jpg 200w, https:\/\/cje2017.com\/wp-content\/uploads\/2017\/03\/02b-CJE-Maritimes-Armory-24-July-2017-300x70.jpg 300w, https:\/\/cje2017.com\/wp-content\/uploads\/2017\/03\/02b-CJE-Maritimes-Armory-24-July-2017-400x93.jpg 400w, https:\/\/cje2017.com\/wp-content\/uploads\/2017\/03\/02b-CJE-Maritimes-Armory-24-July-2017.jpg 499w\" sizes=\"auto, (max-width: 658px) 100vw, 658px\" \/><\/p>\n<p style=\"text-align: center;\"><img loading=\"lazy\" decoding=\"async\" class=\"aligncenter wp-image-1734\" src=\"http:\/\/cje2017.com\/wp-content\/uploads\/2017\/03\/03b-CJE-Maritimes-Text-4-July-2017.jpg\" alt=\"\" width=\"845\" height=\"239\" srcset=\"https:\/\/cje2017.com\/wp-content\/uploads\/2017\/03\/03b-CJE-Maritimes-Text-4-July-2017-200x57.jpg 200w, https:\/\/cje2017.com\/wp-content\/uploads\/2017\/03\/03b-CJE-Maritimes-Text-4-July-2017-300x85.jpg 300w, https:\/\/cje2017.com\/wp-content\/uploads\/2017\/03\/03b-CJE-Maritimes-Text-4-July-2017-400x113.jpg 400w, https:\/\/cje2017.com\/wp-content\/uploads\/2017\/03\/03b-CJE-Maritimes-Text-4-July-2017-600x170.jpg 600w, https:\/\/cje2017.com\/wp-content\/uploads\/2017\/03\/03b-CJE-Maritimes-Text-4-July-2017.jpg 622w\" sizes=\"auto, (max-width: 845px) 100vw, 845px\" \/><\/p>\n<p style=\"text-align: center;\"><img loading=\"lazy\" decoding=\"async\" class=\"aligncenter size-full wp-image-1736\" src=\"http:\/\/cje2017.com\/wp-content\/uploads\/2017\/03\/05b-CJE-Maritimes-Logo-24-July-2017.jpg\" alt=\"\" width=\"523\" height=\"155\" srcset=\"https:\/\/cje2017.com\/wp-content\/uploads\/2017\/03\/05b-CJE-Maritimes-Logo-24-July-2017-200x59.jpg 200w, https:\/\/cje2017.com\/wp-content\/uploads\/2017\/03\/05b-CJE-Maritimes-Logo-24-July-2017-300x89.jpg 300w, https:\/\/cje2017.com\/wp-content\/uploads\/2017\/03\/05b-CJE-Maritimes-Logo-24-July-2017-400x119.jpg 400w, https:\/\/cje2017.com\/wp-content\/uploads\/2017\/03\/05b-CJE-Maritimes-Logo-24-July-2017.jpg 523w\" sizes=\"auto, (max-width: 523px) 100vw, 523px\" \/><\/p>\n<p style=\"text-align: center;\"><img loading=\"lazy\" decoding=\"async\" class=\"aligncenter size-full wp-image-1737\" src=\"http:\/\/cje2017.com\/wp-content\/uploads\/2017\/03\/06b-CJE-Maritimes-Text-24-July-2017.jpg\" alt=\"\" width=\"622\" height=\"108\" srcset=\"https:\/\/cje2017.com\/wp-content\/uploads\/2017\/03\/06b-CJE-Maritimes-Text-24-July-2017-200x35.jpg 200w, https:\/\/cje2017.com\/wp-content\/uploads\/2017\/03\/06b-CJE-Maritimes-Text-24-July-2017-300x52.jpg 300w, https:\/\/cje2017.com\/wp-content\/uploads\/2017\/03\/06b-CJE-Maritimes-Text-24-July-2017-400x69.jpg 400w, https:\/\/cje2017.com\/wp-content\/uploads\/2017\/03\/06b-CJE-Maritimes-Text-24-July-2017-600x104.jpg 600w, https:\/\/cje2017.com\/wp-content\/uploads\/2017\/03\/06b-CJE-Maritimes-Text-24-July-2017.jpg 622w\" sizes=\"auto, (max-width: 622px) 100vw, 622px\" \/><\/p>\n<p style=\"text-align: center;\"><strong>&#8212;&#8212;&#8212;&#8212;&#8212;&#8212;&#8212;&#8212;&#8212;&#8212;&#8211;<\/strong><\/p>\n<h1><\/h1>\n<\/div><div class=\"fusion-sep-clear\"><\/div><div class=\"fusion-separator fusion-full-width-sep sep-single sep-solid\" style=\"border-color:#e0dede;border-top-width:1px;margin-left: auto;margin-right: auto;margin-top:;\"><\/div><div class=\"fusion-text\"><h3 style=\"text-align: center;\"><strong>L\u2019entreprise Smithbilt Hats, \u00e0 Calgary<br \/>\n<\/strong><strong>Calgary\u2019s Smithbilt Hats<\/strong><\/h3>\n<p><img loading=\"lazy\" decoding=\"async\" class=\"size-full wp-image-1056 aligncenter\" src=\"http:\/\/cje2017.com\/wp-content\/uploads\/2017\/03\/29e-Smithbilt-Hats-28-June-2017.jpg\" alt=\"\" width=\"539\" height=\"291\" srcset=\"https:\/\/cje2017.com\/wp-content\/uploads\/2017\/03\/29e-Smithbilt-Hats-28-June-2017-200x108.jpg 200w, https:\/\/cje2017.com\/wp-content\/uploads\/2017\/03\/29e-Smithbilt-Hats-28-June-2017-300x162.jpg 300w, https:\/\/cje2017.com\/wp-content\/uploads\/2017\/03\/29e-Smithbilt-Hats-28-June-2017-400x216.jpg 400w, https:\/\/cje2017.com\/wp-content\/uploads\/2017\/03\/29e-Smithbilt-Hats-28-June-2017.jpg 539w\" sizes=\"auto, (max-width: 539px) 100vw, 539px\" \/><\/p>\n<p>Les premiers immigrants juifs dans le sud de l\u2019Alberta s\u2019installent dans des colonies agricoles ou de petites villes, o\u00f9 ils exercent des activit\u00e9s dans le commerce du b\u00e9tail ou dans des magasins g\u00e9n\u00e9raux. D\u2019autres gravitent autour de Calgary, o\u00f9 ils travaillent comme colporteurs, petits commer\u00e7ants ou ouvriers.<\/p>\n<p>Le parcours d\u2019un immigrant juif l\u2019am\u00e8ne \u00e0 cr\u00e9er l\u2019embl\u00e9matique chapeau cow-boy blanc de Calgary. Originaire de Russie, Morris Shumiatcher acquiert l\u2019entreprise Calgary Hat Works en 1918. Apr\u00e8s avoir chang\u00e9 son nom pour celui de Smith et celui de son entreprise pour Smithbilt Hats, il encourage le port de v\u00eatements western aupr\u00e8s des visiteurs du Stampede de Calgary.<\/p>\n<p>En 1946, l\u2019entreprise cr\u00e9e un chapeau cow-boy feutre blanc pour le magnat du p\u00e9trole de Calgary, Bill Herron, qui le porte au d\u00e9fil\u00e9 du Stampede. Deux ans plus tard, des supporters des Stampeders se rendent \u00e0 Toronto pour encourager leur \u00e9quipe au match de la Coupe Grey \u2013 ils sont tous coiff\u00e9s d\u2019un chapeau de cow-boy de chez Smithbilt Hats.<\/p>\n<p>Le chapeau blanc de cow-boy est devenu un symbole de la ville et tous les hauts dignitaires de passage \u00e0 Calgary, y compris Sa Majest\u00e9 la Reine, re\u00e7oivent un chapeau de Smithbilt Hats.<\/p>\n<p><img loading=\"lazy\" decoding=\"async\" class=\"size-full wp-image-1057 aligncenter\" src=\"http:\/\/cje2017.com\/wp-content\/uploads\/2017\/03\/29f-Smithbilt-Hats-28-June-2017.jpg\" alt=\"\" width=\"934\" height=\"392\" srcset=\"https:\/\/cje2017.com\/wp-content\/uploads\/2017\/03\/29f-Smithbilt-Hats-28-June-2017-200x84.jpg 200w, https:\/\/cje2017.com\/wp-content\/uploads\/2017\/03\/29f-Smithbilt-Hats-28-June-2017-300x126.jpg 300w, https:\/\/cje2017.com\/wp-content\/uploads\/2017\/03\/29f-Smithbilt-Hats-28-June-2017-400x168.jpg 400w, https:\/\/cje2017.com\/wp-content\/uploads\/2017\/03\/29f-Smithbilt-Hats-28-June-2017-600x252.jpg 600w, https:\/\/cje2017.com\/wp-content\/uploads\/2017\/03\/29f-Smithbilt-Hats-28-June-2017-768x322.jpg 768w, https:\/\/cje2017.com\/wp-content\/uploads\/2017\/03\/29f-Smithbilt-Hats-28-June-2017-800x336.jpg 800w, https:\/\/cje2017.com\/wp-content\/uploads\/2017\/03\/29f-Smithbilt-Hats-28-June-2017.jpg 934w\" sizes=\"auto, (max-width: 934px) 100vw, 934px\" \/><\/p>\n<p>Early Jewish immigrants to Southern Alberta settled on farming colonies or small towns, where they were engaged in trading cattle, or as merchants of general stores. Others gravitated to Calgary where they worked as peddlers, small shopkeepers and tradesmen.<\/p>\n<p>The Canadian journey of one Jewish immigrant contributed to the creation of Calgary\u2019s iconic white cowboy hat. In 1918, Morris Shumiatcher, a Jewish immigrant from Russia, bought Calgary Hat Works. Changing his surname to Smith and the company\u2019s to Smithbilt Hats, by 1926, he began promoting western wear for visitors to the Calgary Stampede.<\/p>\n<p>In 1946, Smithbilt created the white felt hat for Calgary oilman Bill Herron, to wear in the Stampede. Two years later, Calgary Stampeders football fans headed to Toronto to cheer on their team in the Grey Cup \u2013 all wearing Smithbilt cowboy hats.<\/p>\n<p>Ever since, the white cowboy hat has become a symbol of Calgary and all important dignitaries who visit Calgary, including Her Majesty, the Queen, are lucky recipients of a Smithbilt hat.<\/p>\n<p>Cette exposition est con\u00e7ue par le groupe, L\u2019Exp\u00e9rience juive canadienne, pour c\u00e9l\u00e9brer le 150e anniversaire de notre pays. &#8212; Created by the Canadian Jewish Experience group to celebrate our country\u2019s 150th anniversary<br \/>\n<strong>www.cje2017.com<\/strong><\/p>\n<\/div><div class=\"fusion-sep-clear\"><\/div><div class=\"fusion-separator fusion-full-width-sep sep-single sep-solid\" style=\"border-color:#e0dede;border-top-width:1px;margin-left: auto;margin-right: auto;margin-top:;\"><\/div><div class=\"fusion-text\"><p><img loading=\"lazy\" decoding=\"async\" class=\"alignnone wp-image-2423 size-full\" src=\"https:\/\/cje2017.com\/wp-content\/uploads\/2017\/03\/CJE-Winnipeg-Oct-3-2017.jpg\" alt=\"Winnipeg Jewish Experience\" width=\"2409\" height=\"6094\" srcset=\"https:\/\/cje2017.com\/wp-content\/uploads\/2017\/03\/CJE-Winnipeg-Oct-3-2017-119x300.jpg 119w, https:\/\/cje2017.com\/wp-content\/uploads\/2017\/03\/CJE-Winnipeg-Oct-3-2017-200x506.jpg 200w, https:\/\/cje2017.com\/wp-content\/uploads\/2017\/03\/CJE-Winnipeg-Oct-3-2017-400x1012.jpg 400w, https:\/\/cje2017.com\/wp-content\/uploads\/2017\/03\/CJE-Winnipeg-Oct-3-2017-405x1024.jpg 405w, https:\/\/cje2017.com\/wp-content\/uploads\/2017\/03\/CJE-Winnipeg-Oct-3-2017-600x1518.jpg 600w, https:\/\/cje2017.com\/wp-content\/uploads\/2017\/03\/CJE-Winnipeg-Oct-3-2017-768x1943.jpg 768w, https:\/\/cje2017.com\/wp-content\/uploads\/2017\/03\/CJE-Winnipeg-Oct-3-2017-800x2024.jpg 800w, https:\/\/cje2017.com\/wp-content\/uploads\/2017\/03\/CJE-Winnipeg-Oct-3-2017-1200x3036.jpg 1200w, https:\/\/cje2017.com\/wp-content\/uploads\/2017\/03\/CJE-Winnipeg-Oct-3-2017.jpg 2409w\" sizes=\"auto, (max-width: 2409px) 100vw, 2409px\" \/><\/p>\n<\/div><div class=\"fusion-clearfix\"><\/div>\n\n\t\t\t\t\t<\/div>\n\t\t\t\t<\/div><\/div><\/div>\n","protected":false},"excerpt":{"rendered":"","protected":false},"author":3,"featured_media":0,"parent":0,"menu_order":0,"comment_status":"closed","ping_status":"closed","template":"100-width.php","meta":{"footnotes":""},"class_list":["post-604","page","type-page","status-publish","hentry"],"_links":{"self":[{"href":"https:\/\/cje2017.com\/fr\/wp-json\/wp\/v2\/pages\/604","targetHints":{"allow":["GET"]}}],"collection":[{"href":"https:\/\/cje2017.com\/fr\/wp-json\/wp\/v2\/pages"}],"about":[{"href":"https:\/\/cje2017.com\/fr\/wp-json\/wp\/v2\/types\/page"}],"author":[{"embeddable":true,"href":"https:\/\/cje2017.com\/fr\/wp-json\/wp\/v2\/users\/3"}],"replies":[{"embeddable":true,"href":"https:\/\/cje2017.com\/fr\/wp-json\/wp\/v2\/comments?post=604"}],"version-history":[{"count":36,"href":"https:\/\/cje2017.com\/fr\/wp-json\/wp\/v2\/pages\/604\/revisions"}],"predecessor-version":[{"id":2612,"href":"https:\/\/cje2017.com\/fr\/wp-json\/wp\/v2\/pages\/604\/revisions\/2612"}],"wp:attachment":[{"href":"https:\/\/cje2017.com\/fr\/wp-json\/wp\/v2\/media?parent=604"}],"curies":[{"name":"wp","href":"https:\/\/api.w.org\/{rel}","templated":true}]}}