{"id":613,"date":"2017-04-30T23:14:02","date_gmt":"2017-04-30T23:14:02","guid":{"rendered":"http:\/\/cje2017.com\/?page_id=613\/"},"modified":"2017-08-11T01:52:00","modified_gmt":"2017-08-11T01:52:00","slug":"about","status":"publish","type":"page","link":"https:\/\/cje2017.com\/fr\/about\/","title":{"rendered":"\u00c0 propos"},"content":{"rendered":"<p><div class=\"fusion-fullwidth fullwidth-box nonhundred-percent-fullwidth non-hundred-percent-height-scrolling\"  style='background-color: #ffffff;background-position: center center;background-repeat: no-repeat;padding-top:0px;padding-right:0px;padding-bottom:0px;padding-left:0px;'><div class=\"fusion-builder-row fusion-row \"><div  class=\"fusion-layout-column fusion_builder_column fusion_builder_column_1_1  fusion-one-full fusion-column-first fusion-column-last 1_1\"  style='margin-top:0px;margin-bottom:0px;'>\n\t\t\t\t\t<div class=\"fusion-column-wrapper\" style=\"background-position:left top;background-repeat:no-repeat;-webkit-background-size:cover;-moz-background-size:cover;-o-background-size:cover;background-size:cover;\"  data-bg-url=\"\">\n\t\t\t\t\t\t<span class=\"fusion-imageframe imageframe-none imageframe-1 hover-type-none\"><img loading=\"lazy\" decoding=\"async\" src=\"http:\/\/cje2017.com\/wp-content\/uploads\/2017\/07\/00-Nine-Panels-4-VEr-2-May-2017.jpg\" width=\"2000\" height=\"775\" alt=\"\" title=\"00-Nine Panels 4 VEr 2 May 2017\" class=\"img-responsive wp-image-3620\" srcset=\"https:\/\/cje2017.com\/wp-content\/uploads\/2017\/07\/00-Nine-Panels-4-VEr-2-May-2017-200x78.jpg 200w, https:\/\/cje2017.com\/wp-content\/uploads\/2017\/07\/00-Nine-Panels-4-VEr-2-May-2017-400x155.jpg 400w, https:\/\/cje2017.com\/wp-content\/uploads\/2017\/07\/00-Nine-Panels-4-VEr-2-May-2017-600x233.jpg 600w, https:\/\/cje2017.com\/wp-content\/uploads\/2017\/07\/00-Nine-Panels-4-VEr-2-May-2017-800x310.jpg 800w, https:\/\/cje2017.com\/wp-content\/uploads\/2017\/07\/00-Nine-Panels-4-VEr-2-May-2017-1200x465.jpg 1200w, https:\/\/cje2017.com\/wp-content\/uploads\/2017\/07\/00-Nine-Panels-4-VEr-2-May-2017.jpg 2000w\" sizes=\"auto, (max-width: 1080px) 100vw, 1200px\" \/><\/span><div class=\"fusion-clearfix\"><\/div>\n\n\t\t\t\t\t<\/div>\n\t\t\t\t<\/div><\/div><\/div><div class=\"fusion-fullwidth fullwidth-box fusion-parallax-fixed nonhundred-percent-fullwidth non-hundred-percent-height-scrolling\"  style='background-color: #ffffff;background-image: url(\"http:\/\/cje2017.com\/wp-content\/uploads\/2017\/03\/maple-leaves-bg.jpg\");background-position: center center;background-repeat: no-repeat;padding-top:20px;padding-right:0px;padding-bottom:20px;padding-left:0px;-webkit-background-size:cover;-moz-background-size:cover;-o-background-size:cover;background-size:cover;background-attachment:fixed;'><div class=\"fusion-builder-row fusion-row \"><div  class=\"fusion-layout-column fusion_builder_column fusion_builder_column_1_6  fusion-one-sixth fusion-column-first 1_6\"  style='margin-top:0px;margin-bottom:0px;width:16.66%;width:calc(16.66% - ( ( 4% + 4% ) * 0.1666 ) );margin-right: 4%;'>\n\t\t\t\t\t<div class=\"fusion-column-wrapper\" style=\"background-position:left top;background-repeat:no-repeat;-webkit-background-size:cover;-moz-background-size:cover;-o-background-size:cover;background-size:cover;\"  data-bg-url=\"\">\n\t\t\t\t\t\t<div class=\"fusion-clearfix\"><\/div>\n\n\t\t\t\t\t<\/div>\n\t\t\t\t<\/div><div  class=\"fusion-layout-column fusion_builder_column fusion_builder_column_2_3  fusion-two-third 2_3\"  style='margin-top:0px;margin-bottom:0px;width:66.66%;width:calc(66.66% - ( ( 4% + 4% ) * 0.6666 ) );margin-right: 4%;'>\n\t\t\t\t\t<div class=\"fusion-column-wrapper\" style=\"background-position:left top;background-repeat:no-repeat;-webkit-background-size:cover;-moz-background-size:cover;-o-background-size:cover;background-size:cover;\"  data-bg-url=\"\">\n\t\t\t\t\t\t<div class=\"fusion-text\"><h1>\u00c0 propos de L\u2019Exp\u00e9rience juive canadienne<\/h1>\n<\/div><div class=\"fusion-text\"><h2>Notre vision<\/h2>\n<\/div><div class=\"fusion-text\"><p>L\u2019Exp\u00e9rience juive canadienne (EJC) est une initiative b\u00e9n\u00e9vole visant \u00e0 c\u00e9l\u00e9brer le Canada et les contributions apport\u00e9es par les juifs dans l\u2019\u00e9dification d\u2019un pays moderne. Nos travaux sont men\u00e9s pour souligner le 150<sup>e<\/sup> anniversaire du Canada et t\u00e9moignent de la fiert\u00e9 et de l\u2019amour des Canadiens juifs pour ce pays.<\/p>\n<p>L\u2019EJC est enti\u00e8rement financ\u00e9e par des dons priv\u00e9s et dirig\u00e9e par des b\u00e9n\u00e9voles. L\u2019objectif fondamental est de faire conna\u00eetre des \u00e9l\u00e9ments juifs de l\u2019histoire du Canada au moyen d\u2019une exposition, d\u2019un site Web et de conf\u00e9rences sp\u00e9cialis\u00e9es.<\/p>\n<p>L\u2019exposition est d\u2019abord pr\u00e9sent\u00e9e \u00e0 Ottawa alors que la capitale nationale attend des milliers de visiteurs en cette ann\u00e9e anniversaire. Une version itin\u00e9rante prendra l\u2019affiche dans diverses villes du pays.<\/p>\n<p>Depuis le d\u00e9but des ann\u00e9es 1700, des Canadiens juifs ont jou\u00e9 des r\u00f4les importants dans toutes les facettes de la vie au Canada. Leurs r\u00e9alisations t\u00e9moignent des d\u00e9fis et des succ\u00e8s v\u00e9cus ici au cours des 150 derni\u00e8res ann\u00e9es. Une s\u00e9rie de conf\u00e9rences mettra en lumi\u00e8re certaines contributions.<\/p>\n<p>Un site Web sp\u00e9cialis\u00e9 a \u00e9t\u00e9 d\u00e9velopp\u00e9 pour offrir un suppl\u00e9ment d\u2019informations sur les sujets abord\u00e9s dans l\u2019exposition et sur plusieurs Canadiens extraordinaires. Les lieux de pr\u00e9sentation des conf\u00e9rences et de la version itin\u00e9rante de l\u2019exposition y seront \u00e9galement affich\u00e9s.<\/p>\n<p>Nous avons aussi con\u00e7u un quiz portant sur divers sujets abord\u00e9s dans l\u2019exposition et le site Web. Les visiteurs de tous \u00e2ges sont invit\u00e9s \u00e0 tester leurs connaissances et \u00e0 approfondir leur compr\u00e9hension.<\/p>\n<p>Le 150<sup>e<\/sup> anniversaire du Canada est un moment de c\u00e9l\u00e9bration pour tous les citoyens et r\u00e9sidents, peu importe leur confession ou leur appartenance ethnique. Nous continuons de b\u00e2tir un pays qui respecte la diversit\u00e9 et l\u2019unit\u00e9, l\u2019\u00e9quit\u00e9 et le progr\u00e8s.<\/p>\n<\/div><div class=\"fusion-sep-clear\"><\/div><div class=\"fusion-separator fusion-full-width-sep sep-single sep-solid\" style=\"border-color:#e0dede;border-top-width:1px;margin-left: auto;margin-right: auto;margin-top:;\"><\/div><div class=\"fusion-text\"><h2>Conseil d\u2019administration et conseillers<\/h2>\n<\/div><div class=\"fusion-text\"><ul>\n<li>Rabbi Reuven Bulka, congr\u00e9gation Machzeikai Hadas, Ottawa (Ontario)<\/li>\n<li>Jerry Grafstein, s\u00e9nateur \u00e0 la retraite, Toronto (Ontario)<\/li>\n<li>Victor Rabinovitch, D. Phil., ancien pr\u00e9sident-directeur g\u00e9n\u00e9ral du Mus\u00e9e canadien des civilisations (Mus\u00e9e canadien de l\u2019histoire), Ottawa (Ontario)<\/li>\n<li>Tova Lynch, ancienne pr\u00e9sidente de l\u2019Association de la communaut\u00e9 du service ext\u00e9rieur d\u2019Affaires \u00e9trang\u00e8res Canada, Ottawa (Ontario)<\/li>\n<li>Esther Kulik, directrice nationale, Hadassah-WIZO du Canada et directrice, Soloway Ottawa Jewish Community Centre, Ottawa (Ontario)<\/li>\n<li>Ian Sadinsky, pr\u00e9sident, Soci\u00e9t\u00e9 de l\u2019histoire juive d\u2019Ottawa, Ottawa (Ontario)<\/li>\n<li>D<sup>re<\/sup> Agnes Klein, ancienne enfant cach\u00e9e et survivante de l\u2019Holocauste; haut fonctionnaire, Ottawa (Ontario)<\/li>\n<li>Jean Roberge, ancien directeur g\u00e9n\u00e9ral, R\u00e9gion internationale, Immigration Canada, Ottawa (Ontario)<\/li>\n<li>Neil P. Finkelman, CPA, CA, tr\u00e9sorier, Ottawa (Ontario)<\/li>\n<li>James Lynch, ancien agent du service ext\u00e9rieur, minist\u00e8re des Affaires \u00e9trang\u00e8res, Ottawa (Ontario)<\/li>\n<li>Maureen Molot, Ph.\u00a0D., professeure \u00e9m\u00e9rite, Universit\u00e9 Carleton, Ottawa (Ontario)<\/li>\n<li>Toby Morantz, Ph.\u00a0D., professeure \u00e9m\u00e9rite, Universit\u00e9 McGill, Montr\u00e9al (Qu\u00e9bec)<\/li>\n<li>Ned Steinman, Norton Rose Fulbright Canada LLP \/ S.E.N.C.R.L., s.r.l., Ottawa (Ontario)<\/li>\n<li>Barbara Okun, M.Sc. Com Dis, consultante en communications<\/li>\n<\/ul>\n<\/div><div class=\"fusion-clearfix\"><\/div>\n\n\t\t\t\t\t<\/div>\n\t\t\t\t<\/div><div  class=\"fusion-layout-column fusion_builder_column fusion_builder_column_1_6  fusion-one-sixth fusion-column-last 1_6\"  style='margin-top:0px;margin-bottom:0px;width:16.66%;width:calc(16.66% - ( ( 4% + 4% ) * 0.1666 ) );'>\n\t\t\t\t\t<div class=\"fusion-column-wrapper\" style=\"background-position:left top;background-repeat:no-repeat;-webkit-background-size:cover;-moz-background-size:cover;-o-background-size:cover;background-size:cover;\"  data-bg-url=\"\">\n\t\t\t\t\t\t<div class=\"fusion-clearfix\"><\/div>\n\n\t\t\t\t\t<\/div>\n\t\t\t\t<\/div><\/div><\/div><\/p>\n","protected":false},"excerpt":{"rendered":"","protected":false},"author":3,"featured_media":0,"parent":0,"menu_order":0,"comment_status":"closed","ping_status":"closed","template":"100-width.php","meta":{"footnotes":""},"class_list":["post-613","page","type-page","status-publish","hentry"],"_links":{"self":[{"href":"https:\/\/cje2017.com\/fr\/wp-json\/wp\/v2\/pages\/613","targetHints":{"allow":["GET"]}}],"collection":[{"href":"https:\/\/cje2017.com\/fr\/wp-json\/wp\/v2\/pages"}],"about":[{"href":"https:\/\/cje2017.com\/fr\/wp-json\/wp\/v2\/types\/page"}],"author":[{"embeddable":true,"href":"https:\/\/cje2017.com\/fr\/wp-json\/wp\/v2\/users\/3"}],"replies":[{"embeddable":true,"href":"https:\/\/cje2017.com\/fr\/wp-json\/wp\/v2\/comments?post=613"}],"version-history":[{"count":9,"href":"https:\/\/cje2017.com\/fr\/wp-json\/wp\/v2\/pages\/613\/revisions"}],"predecessor-version":[{"id":1974,"href":"https:\/\/cje2017.com\/fr\/wp-json\/wp\/v2\/pages\/613\/revisions\/1974"}],"wp:attachment":[{"href":"https:\/\/cje2017.com\/fr\/wp-json\/wp\/v2\/media?parent=613"}],"curies":[{"name":"wp","href":"https:\/\/api.w.org\/{rel}","templated":true}]}}