{"id":676,"date":"2017-03-08T14:42:33","date_gmt":"2017-03-08T14:42:33","guid":{"rendered":"http:\/\/cje2017.com\/support\/"},"modified":"2017-07-09T11:47:49","modified_gmt":"2017-07-09T11:47:49","slug":"support","status":"publish","type":"page","link":"https:\/\/cje2017.com\/fr\/support\/","title":{"rendered":"Support"},"content":{"rendered":"<p><div class=\"fusion-fullwidth fullwidth-box hundred-percent-fullwidth non-hundred-percent-height-scrolling fusion-equal-height-columns\"  style='background-color: #ffffff;background-position: left top;background-repeat: no-repeat;border-top-width:0px;border-bottom-width:0px;border-color:#eae9e9;border-top-style:solid;border-bottom-style:solid;'><div class=\"fusion-builder-row fusion-row \"><div  class=\"fusion-layout-column fusion_builder_column fusion_builder_column_1_2  fusion-one-half fusion-column-first fusion-blend-mode 1_2\"  style='margin-top:0px;margin-bottom:0px;'>\n\t\t\t\t\t<div class=\"fusion-column-wrapper\" style=\"background-color:#f9f9f9;padding: 15%;background-position:left top;background-repeat:no-repeat;-webkit-background-size:cover;-moz-background-size:cover;-o-background-size:cover;background-size:cover;\"  data-bg-url=\"\">\n\t\t\t\t\t\t<div class=\"fusion-column-content-centered\"><div class=\"fusion-column-content\"><div class=\"fusion-text\"><h2 style=\"text-align: left;\">Dons<\/h2>\n<p>Tout don vers\u00e9 \u00e0 l\u2019appui de ce projet est appr\u00e9ci\u00e9. L\u2019exposition et des \u00e9v\u00e9nements sp\u00e9ciaux seront pr\u00e9sent\u00e9s tout au long de l\u2019ann\u00e9e.<\/p>\n<p>Nous vous encourageons \u00e0 vous porter volontaire pour accueillir les visiteurs de l\u2019exposition \u00e0 Ottawa ou de sa version itin\u00e9rante dans votre communaut\u00e9.<\/p>\n<p>L\u2019exposition itin\u00e9rante sera en tourn\u00e9e dans plusieurs communaut\u00e9s au Canada. Communiquez avec nous pour vous impliquer ou aider \u00e0 organiser sa venue dans votre communaut\u00e9. L\u2019exposition peut servir de base pour d\u2019autres programmes locaux soulignant les contributions de juifs remarquables. Que ce soit au moyen de conf\u00e9rences, de concerts ou d\u2019autres \u00e9v\u00e9nements sp\u00e9ciaux, il existe de nombreuses fa\u00e7ons de c\u00e9l\u00e9brer le 150e anniversaire dans toutes les communaut\u00e9s!<\/p>\n<p>L\u2019EJC est une entreprise sans but lucratif canadienne. Elle est constitu\u00e9e en entit\u00e9 juridique et enregistr\u00e9e en tant qu\u2019organisme de bienfaisance aupr\u00e8s de Revenu Canada sous le num\u00e9ro 809284961RR0001. L\u2019EJC appr\u00e9cie tous les dons qu\u2019elle re\u00e7oit et \u00e9mettra un re\u00e7u officiel pour tout don sup\u00e9rieur \u00e0 18 dollars.<\/p>\n<\/div><\/div><\/div><div class=\"fusion-clearfix\"><\/div>\n\n\t\t\t\t\t<\/div>\n\t\t\t\t<\/div><div  class=\"fusion-layout-column fusion_builder_column fusion_builder_column_1_2  fusion-one-half fusion-column-last 1_2\"  style='margin-top:0px;margin-bottom:0px;'>\n\t\t\t\t\t<div class=\"fusion-column-wrapper\" style=\"padding: 100px;background-image: url('http:\/\/azerkids.com\/wp-content\/uploads\/2016\/12\/heart-love-romance.jpg');background-position:center center;background-repeat:no-repeat;-webkit-background-size:cover;-moz-background-size:cover;-o-background-size:cover;background-size:cover;\"  data-bg-url=\"http:\/\/azerkids.com\/wp-content\/uploads\/2016\/12\/heart-love-romance.jpg\">\n\t\t\t\t\t\t<div class=\"fusion-column-content-centered\"><div class=\"fusion-column-content\"><\/div><\/div><div class=\"fusion-clearfix\"><\/div>\n\n\t\t\t\t\t<\/div>\n\t\t\t\t<\/div><\/div><\/div><div class=\"fusion-fullwidth fullwidth-box hundred-percent-fullwidth non-hundred-percent-height-scrolling fusion-equal-height-columns\"  style='background-color: #ffffff;background-position: left top;background-repeat: no-repeat;border-top-width:0px;border-bottom-width:0px;border-color:#eae9e9;border-top-style:solid;border-bottom-style:solid;'><div class=\"fusion-builder-row fusion-row \"><div  class=\"fusion-layout-column fusion_builder_column fusion_builder_column_1_2  fusion-one-half fusion-column-first 1_2\"  style='margin-top:0px;margin-bottom:0px;'>\n\t\t\t\t\t<div class=\"fusion-column-wrapper\" style=\"padding: 100px;background-image: url('http:\/\/cje2017.com\/wp-content\/uploads\/2017\/03\/people-coffee-tea-meeting.jpg');background-position:center center;background-repeat:no-repeat;-webkit-background-size:cover;-moz-background-size:cover;-o-background-size:cover;background-size:cover;\"  data-bg-url=\"http:\/\/cje2017.com\/wp-content\/uploads\/2017\/03\/people-coffee-tea-meeting.jpg\">\n\t\t\t\t\t\t<div class=\"fusion-column-content-centered\"><div class=\"fusion-column-content\"><\/div><\/div><div class=\"fusion-clearfix\"><\/div>\n\n\t\t\t\t\t<\/div>\n\t\t\t\t<\/div><div  class=\"fusion-layout-column fusion_builder_column fusion_builder_column_1_2  fusion-one-half fusion-column-last fusion-blend-mode 1_2\"  style='margin-top:0px;margin-bottom:0px;'>\n\t\t\t\t\t<div class=\"fusion-column-wrapper\" style=\"background-color:#f9f9f9;padding: 15%;background-position:left top;background-repeat:no-repeat;-webkit-background-size:cover;-moz-background-size:cover;-o-background-size:cover;background-size:cover;\"  data-bg-url=\"\">\n\t\t\t\t\t\t<div class=\"fusion-column-content-centered\"><div class=\"fusion-column-content\"><div class=\"fusion-text\"><h2 style=\"text-align: left;\">Devenez b\u00e9n\u00e9vole pour nous<\/h2>\n<p style=\"text-align: left;\">Pour devenir b\u00e9n\u00e9vole \u00e0 Ottawa ou pour savoir comment r\u00e9server l\u2019exposition itin\u00e9rante pour votre communaut\u00e9, communiquez avec nous au <a href=\"mailto:2017cje@gmail.com\">2017cje@gmail.com<\/a> ou consultez les <a href=\"http:\/\/cje2017.com\/fr\/support\/renseignements-pour-les-benevoles\/\">renseignements pour les b\u00e9n\u00e9voles<\/a>.<\/p>\n<\/div><\/div><\/div><div class=\"fusion-clearfix\"><\/div>\n\n\t\t\t\t\t<\/div>\n\t\t\t\t<\/div><\/div><\/div><div class=\"fusion-fullwidth fullwidth-box hundred-percent-fullwidth non-hundred-percent-height-scrolling fusion-equal-height-columns\"  style='background-color: #ffffff;background-position: left top;background-repeat: no-repeat;margin-bottom: 0px;margin-top: 0px;border-top-width:0px;border-bottom-width:0px;border-color:#eae9e9;border-top-style:solid;border-bottom-style:solid;'><div class=\"fusion-builder-row fusion-row \"><div  class=\"fusion-layout-column fusion_builder_column fusion_builder_column_1_2  fusion-one-half fusion-column-first fusion-blend-mode 1_2\"  style='margin-top:0px;margin-bottom:0px;'>\n\t\t\t\t\t<div class=\"fusion-column-wrapper\" style=\"background-color:#ffffff;padding: 15%;background-position:left top;background-repeat:no-repeat;-webkit-background-size:cover;-moz-background-size:cover;-o-background-size:cover;background-size:cover;\"  data-bg-url=\"\">\n\t\t\t\t\t\t<div class=\"fusion-column-content-centered\"><div class=\"fusion-column-content\"><div class=\"fusion-text\"><h2 style=\"text-align: left;\">Nos g\u00e9n\u00e9reux parrains<\/h2>\n<p>Nous sommes tr\u00e8s reconnaissants du soutien offert \u00e0 l\u2019Exp\u00e9rience juive canadienne.<\/p>\n<\/div><div class=\"fusion-button-wrapper\"><style type=\"text\/css\" scoped=\"scoped\">.fusion-button.button-1 .fusion-button-text, .fusion-button.button-1 i {color:#ffffff;}.fusion-button.button-1 {border-width:1px;border-color:#ffffff;}.fusion-button.button-1 .fusion-button-icon-divider{border-color:#ffffff;}.fusion-button.button-1:hover .fusion-button-text, .fusion-button.button-1:hover i,.fusion-button.button-1:focus .fusion-button-text, .fusion-button.button-1:focus i,.fusion-button.button-1:active .fusion-button-text, .fusion-button.button-1:active{color:#ffffff;}.fusion-button.button-1:hover, .fusion-button.button-1:focus, .fusion-button.button-1:active{border-width:1px;border-color:#ffffff;}.fusion-button.button-1:hover .fusion-button-icon-divider, .fusion-button.button-1:hover .fusion-button-icon-divider, .fusion-button.button-1:active .fusion-button-icon-divider{border-color:#ffffff;}.fusion-button.button-1{width:auto;}<\/style><a class=\"fusion-button button-flat fusion-button-round button-large button-default button-1\" target=\"_self\" href=\"http:\/\/cje2017.com\/fr\/support\/nos-parrains\/\"><span class=\"fusion-button-text\">Voir les parrains<\/span><\/a><\/div><\/div><\/div><div class=\"fusion-clearfix\"><\/div>\n\n\t\t\t\t\t<\/div>\n\t\t\t\t<\/div><div  class=\"fusion-layout-column fusion_builder_column fusion_builder_column_1_2  fusion-one-half fusion-column-last 1_2\"  style='margin-top:0px;margin-bottom:0px;'>\n\t\t\t\t\t<div class=\"fusion-column-wrapper\" style=\"padding: 100px;background-image: url('http:\/\/cje2017.com\/wp-content\/uploads\/2017\/03\/pexels-photo-41073.jpeg');background-position:center center;background-repeat:no-repeat;-webkit-background-size:cover;-moz-background-size:cover;-o-background-size:cover;background-size:cover;\"  data-bg-url=\"http:\/\/cje2017.com\/wp-content\/uploads\/2017\/03\/pexels-photo-41073.jpeg\">\n\t\t\t\t\t\t<div class=\"fusion-column-content-centered\"><div class=\"fusion-column-content\"><\/div><\/div><div class=\"fusion-clearfix\"><\/div>\n\n\t\t\t\t\t<\/div>\n\t\t\t\t<\/div><\/div><\/div><\/p>\n","protected":false},"excerpt":{"rendered":"","protected":false},"author":3,"featured_media":0,"parent":0,"menu_order":0,"comment_status":"closed","ping_status":"closed","template":"100-width.php","meta":{"footnotes":""},"class_list":["post-676","page","type-page","status-publish","hentry"],"_links":{"self":[{"href":"https:\/\/cje2017.com\/fr\/wp-json\/wp\/v2\/pages\/676","targetHints":{"allow":["GET"]}}],"collection":[{"href":"https:\/\/cje2017.com\/fr\/wp-json\/wp\/v2\/pages"}],"about":[{"href":"https:\/\/cje2017.com\/fr\/wp-json\/wp\/v2\/types\/page"}],"author":[{"embeddable":true,"href":"https:\/\/cje2017.com\/fr\/wp-json\/wp\/v2\/users\/3"}],"replies":[{"embeddable":true,"href":"https:\/\/cje2017.com\/fr\/wp-json\/wp\/v2\/comments?post=676"}],"version-history":[{"count":8,"href":"https:\/\/cje2017.com\/fr\/wp-json\/wp\/v2\/pages\/676\/revisions"}],"predecessor-version":[{"id":1516,"href":"https:\/\/cje2017.com\/fr\/wp-json\/wp\/v2\/pages\/676\/revisions\/1516"}],"wp:attachment":[{"href":"https:\/\/cje2017.com\/fr\/wp-json\/wp\/v2\/media?parent=676"}],"curies":[{"name":"wp","href":"https:\/\/api.w.org\/{rel}","templated":true}]}}