{"id":706,"date":"2017-05-02T06:26:32","date_gmt":"2017-05-02T06:26:32","guid":{"rendered":"http:\/\/cje2017.com\/?page_id=706\/"},"modified":"2017-07-09T11:37:08","modified_gmt":"2017-07-09T11:37:08","slug":"renseignements-pour-les-benevoles","status":"publish","type":"page","link":"https:\/\/cje2017.com\/fr\/support\/renseignements-pour-les-benevoles\/","title":{"rendered":"Renseignements pour les b\u00e9n\u00e9voles"},"content":{"rendered":"<div class=\"fusion-fullwidth fullwidth-box nonhundred-percent-fullwidth non-hundred-percent-height-scrolling\"  style='background-color: #ffffff;background-position: center center;background-repeat: no-repeat;padding-top:20px;padding-right:0px;padding-bottom:20px;padding-left:0px;'><div class=\"fusion-builder-row fusion-row \"><div  class=\"fusion-layout-column fusion_builder_column fusion_builder_column_1_1  fusion-one-full fusion-column-first fusion-column-last 1_1\"  style='margin-top:0px;margin-bottom:0px;'>\n\t\t\t\t\t<div class=\"fusion-column-wrapper\" style=\"background-position:left top;background-repeat:no-repeat;-webkit-background-size:cover;-moz-background-size:cover;-o-background-size:cover;background-size:cover;\"  data-bg-url=\"\">\n\t\t\t\t\t\t<div class=\"fusion-text\"><h1>Renseignements pour les b\u00e9n\u00e9voles<\/h1>\n<h2>Projet de l&rsquo;EJC<\/h2>\n<\/div><div class=\"fusion-text\"><p>L\u2019Exp\u00e9rience\u00a0juive canadienne (EJC)<\/p>\n<p>L\u2019exposition con\u00e7ue par L\u2019Exp\u00e9rience juive canadienne est confi\u00e9e \u00e0 des b\u00e9n\u00e9voles comme vous.<\/p>\n<p>Nous vous invitons \u00e0 lire ces renseignements et \u00e0 offrir vos services en tant que b\u00e9n\u00e9vole.<\/p>\n<p>L\u2019exposition est pr\u00e9sent\u00e9e au 30, rue Metcalfe, \u00e0 Ottawa. Elle comprend neuf panneaux qui d\u00e9crivent les importantes contributions de Canadiens juifs remarquables \u00e0 l\u2019\u00e9volution du Canada au cours des 150 derni\u00e8res ann\u00e9es. Le texte est pr\u00e9sent\u00e9 dans les deux langues officielles et un d\u00e9pliant fournit de plus amples informations concernant le projet et ses partenaires. Un site Web et un jeu-questionnaire sont \u00e9galement disponibles au www.cje2017.com.<\/p>\n<p>L\u2019exposition permet d\u2019approfondir ses connaissances sur la participation des Canadiens juifs \u00e0 l\u2019essor du pays depuis sa cr\u00e9ation. Elle offre aux visiteurs de la r\u00e9gion de la capitale nationale une occasion de d\u00e9couvrir leurs compatriotes et leurs contributions aux r\u00e9ussites que nous c\u00e9l\u00e9brons \u00e0 l\u2019occasion de ce jalon important, le 150e anniversaire de notre pays.<\/p>\n<p>Le public peut visiter l\u2019exposition tous les jours, entre 9 heures et 18 heures, du 4 avril au 31 d\u00e9cembre 2017.<\/p>\n<p>Les b\u00e9n\u00e9voles sont requis pour des p\u00e9riodes de trois heures, soit de 10\u00a0h \u00e0 12\u00a0h ou de 13\u00a0h \u00e0 16\u00a0h, et ce, aussi souvent qu\u2019ils le souhaitent. Ils disposent d\u2019un pupitre et d\u2019une chaise, ont acc\u00e8s \u00e0 une pi\u00e8ce pour leurs effets personnels et \u00e0 une salle de bain priv\u00e9e au sous-sol, et leurs frais de stationnement seront couverts par l\u2019EJC. Un document sur l\u2019EJC et l\u2019exposition ainsi que le texte des panneaux de texte leur seront \u00e9galement fournis \u00e0 l\u2019avance pour leur pr\u00e9paration.<\/p>\n<p>Afin que nous puissions vous contacter pour confirmer votre participation et vous communiquer des d\u00e9tails suppl\u00e9mentaires, veuillez nous \u00e9crire \u00e0 l\u2019adresse 2017cje@gmail.com et fournir les renseignements suivants\u00a0:<\/p>\n<p>Nom :<\/p>\n<p>Adresse :<\/p>\n<p>Num\u00e9ro de t\u00e9l\u00e9phone :<\/p>\n<p>Courriel :<\/p>\n<\/div><div class=\"fusion-clearfix\"><\/div>\n\n\t\t\t\t\t<\/div>\n\t\t\t\t<\/div><\/div><\/div>\n","protected":false},"excerpt":{"rendered":"","protected":false},"author":3,"featured_media":0,"parent":676,"menu_order":0,"comment_status":"closed","ping_status":"closed","template":"","meta":{"footnotes":""},"class_list":["post-706","page","type-page","status-publish","hentry"],"_links":{"self":[{"href":"https:\/\/cje2017.com\/fr\/wp-json\/wp\/v2\/pages\/706","targetHints":{"allow":["GET"]}}],"collection":[{"href":"https:\/\/cje2017.com\/fr\/wp-json\/wp\/v2\/pages"}],"about":[{"href":"https:\/\/cje2017.com\/fr\/wp-json\/wp\/v2\/types\/page"}],"author":[{"embeddable":true,"href":"https:\/\/cje2017.com\/fr\/wp-json\/wp\/v2\/users\/3"}],"replies":[{"embeddable":true,"href":"https:\/\/cje2017.com\/fr\/wp-json\/wp\/v2\/comments?post=706"}],"version-history":[{"count":6,"href":"https:\/\/cje2017.com\/fr\/wp-json\/wp\/v2\/pages\/706\/revisions"}],"predecessor-version":[{"id":1513,"href":"https:\/\/cje2017.com\/fr\/wp-json\/wp\/v2\/pages\/706\/revisions\/1513"}],"up":[{"embeddable":true,"href":"https:\/\/cje2017.com\/fr\/wp-json\/wp\/v2\/pages\/676"}],"wp:attachment":[{"href":"https:\/\/cje2017.com\/fr\/wp-json\/wp\/v2\/media?parent=706"}],"curies":[{"name":"wp","href":"https:\/\/api.w.org\/{rel}","templated":true}]}}